{"id":12555,"date":"2020-03-21T16:00:49","date_gmt":"2020-03-21T15:00:49","guid":{"rendered":"https:\/\/codexvirtualis.fr\/codex\/?page_id=12555"},"modified":"2020-03-21T16:00:49","modified_gmt":"2020-03-21T15:00:49","slug":"glossaire-k","status":"publish","type":"page","link":"https:\/\/codexvirtualis.fr\/codex\/glossaire\/glossaire-k","title":{"rendered":"Glossaire : K"},"content":{"rendered":"<p><!DOCTYPE html><br \/>\n<html><br \/>\n<span style=\"color: #999999;\">\u2022 <a name=\"keratine\"><\/a> <strong>k\u00e9ratine<\/strong><\/span> (nom f\u00e9minin ; pluriel : k\u00e9ratines) : prot\u00e9ine fibreuse insoluble et r\u00e9sistante \u00e0 l&rsquo;\u00e9tirement, riche en cyst\u00e9ines reli\u00e9es entre elles par des ponts disulfures, produite par les cellules de l&rsquo;\u00e9piderme (Vert\u00e9br\u00e9s t\u00e9trapodes)<br \/>\n<em>de kerat- = corne ; -ine = substance (de keratos = corne)<\/em><\/p>\n<p>&nbsp;<\/p>\n<p><span style=\"color: #999999;\">\u2022 <a name=\"keratinise\"><\/a> <strong>k\u00e9ratinis\u00e9<\/strong><\/span> (f\u00e9minin : k\u00e9ratinis\u00e9e ; pluriel : k\u00e9ratinis\u00e9s, k\u00e9ratinis\u00e9es) : qui contient de la k\u00e9ratine<br \/>\n<em>k\u00e9ratin- = k\u00e9ratine (de keratos = corne)<\/em><\/p>\n<p>&nbsp;<\/p>\n<p><span style=\"color: #999999;\">\u2022 <a name=\"kinetocil\"><\/a> <strong>kin\u00e9tocil<\/strong><\/span> (nom masculin ; pluriel : kin\u00e9tocils) : cil sensible au mouvement<br \/>\n<em>kin- = mouvement ; cil (de kinetos = mobile ; cilium = cil)<\/em><\/p>\n<p><\/html><\/p>\n","protected":false},"excerpt":{"rendered":"<p>\u2022 k\u00e9ratine (nom f\u00e9minin ; pluriel : k\u00e9ratines) : prot\u00e9ine fibreuse insoluble et r\u00e9sistante \u00e0 l&rsquo;\u00e9tirement, riche en cyst\u00e9ines reli\u00e9es entre elles par des ponts disulfures, produite par les cellules de l&rsquo;\u00e9piderme (Vert\u00e9br\u00e9s t\u00e9trapodes) de kerat- = corne ; -ine = substance (de keratos = corne) &nbsp; \u2022 k\u00e9ratinis\u00e9 (f\u00e9minin : k\u00e9ratinis\u00e9e ; pluriel : [&hellip;]<\/p>\n","protected":false},"author":2,"featured_media":0,"parent":26,"menu_order":11,"comment_status":"closed","ping_status":"closed","template":"","meta":{"site-sidebar-layout":"default","site-content-layout":"","ast-site-content-layout":"default","site-content-style":"default","site-sidebar-style":"default","ast-global-header-display":"","ast-banner-title-visibility":"","ast-main-header-display":"","ast-hfb-above-header-display":"","ast-hfb-below-header-display":"","ast-hfb-mobile-header-display":"","site-post-title":"","ast-breadcrumbs-content":"","ast-featured-img":"","footer-sml-layout":"","ast-disable-related-posts":"","theme-transparent-header-meta":"","adv-header-id-meta":"","stick-header-meta":"","header-above-stick-meta":"","header-main-stick-meta":"","header-below-stick-meta":"","astra-migrate-meta-layouts":"default","ast-page-background-enabled":"default","ast-page-background-meta":{"desktop":{"background-color":"var(--ast-global-color-4)","background-image":"","background-repeat":"repeat","background-position":"center center","background-size":"auto","background-attachment":"scroll","background-type":"","background-media":"","overlay-type":"","overlay-color":"","overlay-opacity":"","overlay-gradient":""},"tablet":{"background-color":"","background-image":"","background-repeat":"repeat","background-position":"center center","background-size":"auto","background-attachment":"scroll","background-type":"","background-media":"","overlay-type":"","overlay-color":"","overlay-opacity":"","overlay-gradient":""},"mobile":{"background-color":"","background-image":"","background-repeat":"repeat","background-position":"center center","background-size":"auto","background-attachment":"scroll","background-type":"","background-media":"","overlay-type":"","overlay-color":"","overlay-opacity":"","overlay-gradient":""}},"ast-content-background-meta":{"desktop":{"background-color":"var(--ast-global-color-5)","background-image":"","background-repeat":"repeat","background-position":"center center","background-size":"auto","background-attachment":"scroll","background-type":"","background-media":"","overlay-type":"","overlay-color":"","overlay-opacity":"","overlay-gradient":""},"tablet":{"background-color":"var(--ast-global-color-5)","background-image":"","background-repeat":"repeat","background-position":"center center","background-size":"auto","background-attachment":"scroll","background-type":"","background-media":"","overlay-type":"","overlay-color":"","overlay-opacity":"","overlay-gradient":""},"mobile":{"background-color":"var(--ast-global-color-5)","background-image":"","background-repeat":"repeat","background-position":"center center","background-size":"auto","background-attachment":"scroll","background-type":"","background-media":"","overlay-type":"","overlay-color":"","overlay-opacity":"","overlay-gradient":""}},"footnotes":""},"class_list":["post-12555","page","type-page","status-publish","hentry"],"aioseo_notices":[],"jetpack_sharing_enabled":true,"_links":{"self":[{"href":"https:\/\/codexvirtualis.fr\/codex\/wp-json\/wp\/v2\/pages\/12555","targetHints":{"allow":["GET"]}}],"collection":[{"href":"https:\/\/codexvirtualis.fr\/codex\/wp-json\/wp\/v2\/pages"}],"about":[{"href":"https:\/\/codexvirtualis.fr\/codex\/wp-json\/wp\/v2\/types\/page"}],"author":[{"embeddable":true,"href":"https:\/\/codexvirtualis.fr\/codex\/wp-json\/wp\/v2\/users\/2"}],"replies":[{"embeddable":true,"href":"https:\/\/codexvirtualis.fr\/codex\/wp-json\/wp\/v2\/comments?post=12555"}],"version-history":[{"count":4,"href":"https:\/\/codexvirtualis.fr\/codex\/wp-json\/wp\/v2\/pages\/12555\/revisions"}],"predecessor-version":[{"id":12559,"href":"https:\/\/codexvirtualis.fr\/codex\/wp-json\/wp\/v2\/pages\/12555\/revisions\/12559"}],"up":[{"embeddable":true,"href":"https:\/\/codexvirtualis.fr\/codex\/wp-json\/wp\/v2\/pages\/26"}],"wp:attachment":[{"href":"https:\/\/codexvirtualis.fr\/codex\/wp-json\/wp\/v2\/media?parent=12555"}],"curies":[{"name":"wp","href":"https:\/\/api.w.org\/{rel}","templated":true}]}}