{"id":12539,"date":"2020-03-21T15:36:06","date_gmt":"2020-03-21T14:36:06","guid":{"rendered":"https:\/\/codexvirtualis.fr\/codex\/?page_id=12539"},"modified":"2020-03-21T15:50:49","modified_gmt":"2020-03-21T14:50:49","slug":"glossaire-g","status":"publish","type":"page","link":"https:\/\/codexvirtualis.fr\/codex\/glossaire\/glossaire-g","title":{"rendered":"Glossaire : G"},"content":{"rendered":"<p><!DOCTYPE html><br \/>\n<html><br \/>\n<span style=\"color: #999999;\">\u2022 <a name=\"galea\"><\/a> <strong>gal\u00e9a<\/strong><\/span> (nom f\u00e9minin ; pluriel : gal\u00e9as) : pi\u00e8ce de la maxille, appendice associ\u00e9 \u00e0 la bouche (Insectes)<br \/>\n<em>(de galea = casque)<\/em><\/p>\n<p>&nbsp;<\/p>\n<p><span style=\"color: #999999;\">\u2022 <a name=\"gamete\"><\/a><strong>gam\u00e8te<\/strong><\/span> (nom masculin ; pluriel : gam\u00e8tes) : cellule sexuelle haplo\u00efde, dont la fusion avec une cellule sexuelle compl\u00e9mentaire conduit \u00e0 la formation d&rsquo;une cellule diplo\u00efde, \u00e0 l&rsquo;origine d&rsquo;un nouvel individu ; le gam\u00e8te m\u00e2le est appel\u00e9 spermatozo\u00efde et le gam\u00e8te femelle ovule<br \/>\n<em>(de gamos = mariage)<\/em><\/p>\n<p>&nbsp;<\/p>\n<p><span style=\"color: #999999;\">\u2022 <a name=\"gametogenese\"><\/a> <strong>gam\u00e9togen\u00e8se<\/strong><\/span> (nom f\u00e9minin ; pluriel : gam\u00e9togen\u00e8ses) : processus de formation des gam\u00e8tes, comportant des ph\u00e9nom\u00e8nes nucl\u00e9aires (m\u00e9iose) et cytoplasmiques (accroissement, diff\u00e9renciation) ; la production des spermatozo\u00efdes est appel\u00e9e spermatogen\u00e8se, celle des ovules ovogen\u00e8se<br \/>\n<em>gam\u00e9t(o)- = gam\u00e8te ;  gen\u00e8se = production (de gamos = mariage ; genesis = production)<\/em><\/p>\n<p>&nbsp; <\/p>\n<p><span style=\"color: #999999;\">\u2022 <a name=\"ganglion\"><\/a> <strong>ganglion<\/strong><\/span> (nom masculin ; pluriel : ganglions) : structure renfl\u00e9e ; un ganglion nerveux est un centre nerveux, si\u00e8ge de synapses ; un ganglion lymphatique est un organe lympho\u00efde du syst\u00e8me immunitaire localis\u00e9 sur le parcours d&rsquo;un vaisseau lymphatique<br \/>\n<em>(de ganglion = enflure)<\/em><\/p>\n<p>&nbsp;<\/p>\n<p><span style=\"color: #999999;\">\u2022 <a name=\"ganglionnaire\"><\/a> <strong>ganglionnaire<\/strong><\/span> (ganglionnaire ; pluriel : ganglionnaires ; ganglionnaires) : relatif \u00e0 un ganglion<br \/>\n<em>ganglion- = ganglion (de ganglion = enflure)<\/em><\/p>\n<p>&nbsp;<\/p>\n<p><span style=\"color: #999999;\">\u2022 <a name=\"gasteropode\"><\/a> <strong>Gast\u00e9ropode<\/strong><\/span> (nom masculin ; pluriel : Gast\u00e9ropodes) : d\u00e9signe un taxon d&rsquo;animaux caract\u00e9ris\u00e9 notamment par la possession d&rsquo;un pied formant une sole de reptation, au-dessus duquel est situ\u00e9 le<br \/>\nventre ;  class\u00e9s dans les Eumollusques, les Gast\u00e9ropodes comportent en particulier  l&rsquo;Escargot<br \/>\n<em>gast\u00e9r(o)- = ventre ;  -pode = pied, patte (de gaster = ventre ;  podos = pied)<\/em><\/p>\n<p>&nbsp;<\/p>\n<p><span style=\"color: #999999;\">\u2022 <a name=\"gastre\"><\/a><strong>gastre<\/strong><\/span> : partie renfl\u00e9e de l\u2019abdomen des Hym\u00e9nopt\u00e8res, situ\u00e9e \u00e0 l\u2019arri\u00e8re de la \u00ab taille \u00bb<br \/>\n<em>(de gastra = vase ventru)<\/em><\/p>\n<p>&nbsp;<\/p>\n<p><span style=\"color: #999999;\">\u2022 <a name=\"gastrique\"><\/a> <strong>gastrique<\/strong><\/span> (gastrique ; pluriel : gastriques ; gastriques) : relatif \u00e0 l&rsquo;estomac<br \/>\n<em>(de gastros = estomac)<\/em><\/p>\n<p>&nbsp;<\/p>\n<p><span style=\"color: #999999;\">\u2022 <a name=\"gastrocyte\"><\/a> <strong>gastrocyte<\/strong><\/span> (nom masculin ; pluriel : gastrocytes) : cellule de l&rsquo;\u00e9pith\u00e9lium de l&rsquo;estomac, sp\u00e9cialis\u00e9e dans la production et la s\u00e9cr\u00e9tion de mucus (Vert\u00e9br\u00e9s)<br \/>\n<em>gastr(o)- = estomac ;  -cyte = cellule (de gastros = estomac ;  kutos = cellule)<\/em><\/p>\n<p>&nbsp;<\/p>\n<p><span style=\"color: #999999;\">\u2022 <a name=\"gastrovasculaire\"><\/a> <strong>gastrovasculaire<\/strong><\/span> (gastrovasculaire ; pluriel : gastrovasculaires ; gastrovasculaires) : qualifie une structure jouant des r\u00f4les digestif et circulatoire (Cnidaires)<br \/>\n<em>gastr(o)- = estomac ;  vasculaire (de gastros = estomac ;  vasculum = diminutif de vas = vase)<\/em><\/p>\n<p>&nbsp;<\/p>\n<p><span style=\"color: #999999;\">\u2022 <a name=\"gastrozoide\"><\/a> <strong>gastrozo\u00efde<\/strong><\/span> (nom masculin ; pluriel : gastrozo\u00efdes) : dans une colonie, individu sp\u00e9cialis\u00e9 dans l&rsquo;alimentation (Cnidaires, Bryozoaires)<br \/>\n<em>gastr(o)- = estomac ;  -zo\u00efde = animal (de gastros = estomac ; zooeides = semblable \u00e0 un animal)<\/em><\/p>\n<p>&nbsp;<\/p>\n<p><span style=\"color: #999999;\">\u2022 <a name=\"gastrula\"><\/a> <strong>gastrula<\/strong><\/span> (nom f\u00e9minin ; pluriel : gastrulas) : stade du d\u00e9veloppement embryonnaire pr\u00e9sentant la premi\u00e8re \u00e9bauche de tube digestif<br \/>\n<em>(de gastrula = diminutif de gastra = vase ventru)<\/em><\/p>\n<p>&nbsp;<\/p>\n<p><span style=\"color: #999999;\">\u2022 <a name=\"gastrulation\"><\/a> <strong>gastrulation<\/strong><\/span> (nom f\u00e9minin ; pluriel : gastrulations) : processus du d\u00e9veloppement \u00e0 l&rsquo;origine de la gastrula, impliquant en particulier des multiplications et mouvements cellulaires<br \/>\n<em>gastrula- = gastrula (de gastrula = diminutif de gastra = vase ventru)<\/em><\/p>\n<p>&nbsp;<\/p>\n<p><span style=\"color: #999999;\">\u2022 <a name=\"gemmule\"><\/a> <strong>gemmule<\/strong><\/span> (nom f\u00e9minin ; pluriel : gemmules) : bourgeon form\u00e9 \u00e0 l&rsquo;int\u00e9rieur d&rsquo;un individu parent, permettant la reproduction asexu\u00e9e (Porif\u00e8res)<br \/>\n<em>(de gemmula = diminutif de gemma = gemme)<\/em><\/p>\n<p>&nbsp;<\/p>\n<p><span style=\"color: #999999;\">\u2022 <a name=\"gene\"><\/a><strong>g\u00e8ne<\/strong><\/span> : unit\u00e9 fonctionnelle de l&rsquo;ADN, occupant une position sp\u00e9cifique sur un chromosome, participant g\u00e9n\u00e9ralement \u00e0 la synth\u00e8se d&rsquo;une prot\u00e9ine et contribuant \u00e0 la d\u00e9termination des caract\u00e8res, transmis \u00e0 la descendance au cours de la reproduction<br \/>\n<em>(de genos = naissance, famille)<\/em><\/p>\n<p>&nbsp;<\/p>\n<p><span style=\"color: #999999;\">\u2022 <a name=\"genital\"><\/a> <strong>g\u00e9nital<\/strong><\/span> (g\u00e9nitale ; pluriel : g\u00e9nitaux ; g\u00e9nitales) : relatif \u00e0 la reproduction sexu\u00e9e<br \/>\n<em>(de genitalis = qui engendre)<\/em><\/p>\n<p>&nbsp;<\/p>\n<p><span style=\"color: #999999;\">\u2022 <a name=\"genitalia\"><\/a><strong>g\u00e9nitalia<\/strong><\/span> (nom masculin ; pluriel : g\u00e9nitalias) : structures corporelles externes impliqu\u00e9es dans la reproduction, et notamment l\u2019accouplement, chez les Insectes<br \/>\n<em>(de genitalis = qui engendre)<\/em><\/p>\n<p>&nbsp;<\/p>\n<p><span style=\"color: #999999;\">\u2022 <a name=\"genotype\"><\/a><strong>g\u00e9notype<\/strong><\/span> (nom masculin ; pluriel : g\u00e9notypes) : patrimoine g\u00e9n\u00e9tique d&rsquo;un individu<br \/>\n<em>g\u00e9no- = h\u00e9r\u00e9ditaire, propre aux g\u00e8ne ; -type = mod\u00e8le (de genos = naissance, famille ; tupos = mod\u00e8le)<\/em><\/p>\n<p>&nbsp;<\/p>\n<p><span style=\"color: #999999;\">\u2022 <a name=\"genre\"><\/a><strong>genre<\/strong><\/span> (nom masculin ; pluriel : genres) : unit\u00e9 de classification regroupant des esp\u00e8ces ; les genres sont regroup\u00e9s dans des familles<br \/>\n<em>Dans la nomenclature scientifique, les esp\u00e8ces sont d\u00e9sign\u00e9es par deux noms, le premier \u00e9tant celui du genre auquel elles appartiennent et le second celui de l&rsquo;esp\u00e8ce.<\/em><br \/>\n<em>(de genus = race)<\/em><\/p>\n<p>&nbsp;<\/p>\n<p><span style=\"color: #999999;\">\u2022 <a name=\"germarium\"><\/a> <strong>germarium<\/strong><\/span> (nom masculin ; pluriel : germariums) : r\u00e9gion d&rsquo;une gonade dans laquelle sont localis\u00e9es et se multiplient les cellules \u00e0 l&rsquo;origine des gam\u00e8tes (ovogonies ou spermatogonies)<br \/>\n<em>germ- = germen ;  -arium = centre (de germen = germe ;  arium = emplacement)<\/em><\/p>\n<p>&nbsp;<\/p>\n<p><span style=\"color: #999999;\">\u2022 <a name=\"germen\"><\/a> <strong>germen<\/strong><\/span> (nom masculin : pluriel : germens) : ensemble des cellules sexuelles d&rsquo;un organisme<br \/>\n<em>(de germen = germe)<\/em><\/p>\n<p>&nbsp;<\/p>\n<p><span style=\"color: #999999;\">\u2022 <a name=\"germinal\"><\/a> <strong>germinal<\/strong><\/span> (germinale ; pluriel : germinaux ; germinales) : relatif au germen<br \/>\n<em>germ- = germen (de germen = germe)<\/em><\/p>\n<p>&nbsp;<\/p>\n<p><span style=\"color: #999999;\">\u2022 <a name=\"germinatif\"><\/a> <strong>germinatif<\/strong><\/span> (germinative ; pluriel : germinatifs ; germinatives) : qualifie un ensemble de cellules dont la multiplication assure le renouvellement d&rsquo;un tissu<br \/>\n<em>(de germinare = germer)<\/em><\/p>\n<p>&nbsp;<\/p>\n<p><span style=\"color: #999999;\">\u2022 <a name=\"gesier\"><\/a> <strong>g\u00e9sier<\/strong><\/span> (nom masculin ; pluriel : g\u00e9siers) : r\u00e9gion du tube digestif \u00e0 paroi dure et musculeuse, sp\u00e9cialis\u00e9e dans le malaxage et le broyage des aliments<br \/>\n<em>(de giser = entrailles de volaille)<\/em><\/p>\n<p>&nbsp;<\/p>\n<p><span style=\"color: #999999;\">\u2022 <a name=\"gestation\"><\/a> <strong>gestation<\/strong><\/span> (nom f\u00e9minin ; pluriel : gestations) : dans la viviparit\u00e9, processus par lequel une femelle porte un individu en d\u00e9veloppement, de l&rsquo;implantation \u00e0 la parturition<br \/>\n<em>(de gestare = porter)<\/em><\/p>\n<p>&nbsp;<\/p>\n<p><span style=\"color: #999999;\">\u2022 <a name=\"glande\"><\/a> <strong>glande<\/strong><\/span> (nom f\u00e9minin ; pluriel : glandes) : structure de nature \u00e9pith\u00e9liale, sp\u00e9cialis\u00e9e dans la synth\u00e8se et la lib\u00e9ration de substances (s\u00e9cr\u00e9tion)<br \/>\n<em>(de glandula = diminutif de glans = gland)<\/em><\/p>\n<p>&nbsp;<\/p>\n<p><span style=\"color: #999999;\">\u2022 <a name=\"glande-sericigene\"><\/a><strong>glande s\u00e9ricig\u00e8ne<\/strong><\/span> (nom f\u00e9minin ; pluriel : glandes ; pluriel : s\u00e9ricig\u00e8nes) : dispositif anatomique s\u00e9cr\u00e9tant un fil de soie ; chez les L\u00e9pidopt\u00e8res, les glandes s\u00e9ricig\u00e8nes d\u00e9rivent des glandes salivaires<br \/>\n<em>glande, s\u00e9ric(i)- = soie ; -g\u00e8ne = qui engendre (de glandula = diminutif de glans = gland ; de serikos = soie ; genos = naissance, origine)<\/em><\/p>\n<p>&nbsp;<\/p>\n<p><span style=\"color: #999999;\">\u2022 <a name=\"glandulaire\"><\/a> <strong>glandulaire<\/strong><\/span> (glandulaire ; pluriel : glandulaires ; glandulaires) : relatif \u00e0 une glande<br \/>\n<em>gland- = glande (de glandula = diminutif de glans = gland)<\/em><\/p>\n<p>&nbsp;<\/p>\n<p><span style=\"color: #999999;\">\u2022 <a name=\"glial\"><\/a> <strong>glial<\/strong><\/span> (gliale ; pluriel : gliaux ; gliales) : relatif \u00e0 la glie<br \/>\n<em>gli- = glie (de gloios = glu, tissu visqueux)<\/em><\/p>\n<p>&nbsp;<\/p>\n<p><span style=\"color: #999999;\">\u2022 <a name=\"glie\"><\/a> <strong>glie<\/strong><\/span> (nom f\u00e9minin ; pluriel : glies) : ensemble des cellules associ\u00e9es aux neurones dans le tissu nerveux<br \/>\n<em>(de gloios = glu, tissu visqueux)<\/em><\/p>\n<p>&nbsp;<\/p>\n<p><span style=\"color: #999999;\">\u2022 <a name=\"glomerulaire\"><\/a> <strong>glom\u00e9rulaire<\/strong><\/span> (glom\u00e9rulaire ; pluriel : glom\u00e9rulaires ; glom\u00e9rulaires) : relatif \u00e0 un glom\u00e9rule<br \/>\n<em>glom\u00e9rul- = glom\u00e9rule (de glomerulus = diminutif de glomus = pelote)<\/em><\/p>\n<p>&nbsp;<\/p>\n<p><span style=\"color: #999999;\">\u2022 <a name=\"glomerule_n\"><\/a> <strong>glom\u00e9rule<\/strong><\/span> (nom masculin ; pluriel : glom\u00e9rules) : groupe de structures tubuleuses enchev\u00eatr\u00e9es, formant une sorte de pelote (capillaires sanguins, unit\u00e9s glandulaires, structures nerveuses)<br \/>\n<em>(de glomerulus = diminutif de glomus = pelote)<\/em><\/p>\n<p>&nbsp;<\/p>\n<p><span style=\"color: #999999;\">\u2022 <a name=\"glomerule_a\"><\/a> <strong>glom\u00e9rul\u00e9<\/strong><\/span> (glom\u00e9rul\u00e9e ; pluriel : glom\u00e9rul\u00e9s ; glom\u00e9rul\u00e9es) : qui comporte un glom\u00e9rule<br \/>\n<em>glom\u00e9rul- = glom\u00e9rule (de glomerulus = diminutif de glomus = pelote)<\/em><\/p>\n<p>&nbsp;<\/p>\n<p><span style=\"color: #999999;\">\u2022 <a name=\"glosse\"><\/a> <strong>glosse<\/strong><\/span> (nom f\u00e9minin ; pluriel : glosses) : pi\u00e8ce du labium, appendice associ\u00e9 \u00e0 la bouche (Insectes)<br \/>\n<em>(de glossa = langue, trompe)<\/em><\/p>\n<p>&nbsp;<\/p>\n<p><span style=\"color: #999999;\">\u2022 <a name=\"glossopharyngien\"><\/a> <strong>glossopharyngien<\/strong><\/span> (glossopharyngienne ; pluriel : glossopharyngiens ; glossopharyngiennes) : relatif \u00e0 la langue et au pharynx<br \/>\n<em>gloss(o)- = langue ;  pharyngien (de glossa = langue, trompe ; pharuggos = gosier)<\/em><\/p>\n<p>&nbsp;<\/p>\n<p><span style=\"color: #999999;\">\u2022 <a name=\"glucide\"><\/a> <strong>glucide<\/strong><\/span> (nom masculin ; pluriel : glucides) : famille de mol\u00e9cules constitutives des \u00eatres vivants compos\u00e9es de carbone, d&rsquo;hydrog\u00e8ne et d&rsquo;oxyg\u00e8ne, contenant des  fonctions alcool et ald\u00e9hyde ou c\u00e9tone<br \/>\n<em>gluc(o)- = sucre ;  -ide = qui ressemble (de glukus = de saveur douce, sucr\u00e9e)<\/em><\/p>\n<p>&nbsp;<\/p>\n<p><span style=\"color: #999999;\">\u2022 <a name=\"glucidique\"><\/a> <strong>glucidique<\/strong><\/span> (glucidique ; pluriel : glucidiques ; glucidiques) : relatif \u00e0 un glucide<br \/>\n<em>glucid- = glucide (de glukus = de saveur douce, sucr\u00e9e)<\/em><\/p>\n<p>&nbsp;<\/p>\n<p><span style=\"color: #999999;\">\u2022 <a name=\"glucocorticoide\"><\/a> <strong>glucocortico\u00efde<\/strong><\/span> (nom masculin ; pluriel : glucocortico\u00efdes) : hormone produite par la glande corticosurr\u00e9nale, impliqu\u00e9e dans le contr\u00f4le du m\u00e9tabolisme des glucides (Vert\u00e9br\u00e9s)<br \/>\n<em>gluc(o)- = sucre ;  cortico\u00efde (de glukus = de saveur douce, sucr\u00e9e ;  cortex = \u00e9corce ; eidos = aspect)<\/em><\/p>\n<p>&nbsp;<\/p>\n<p><span style=\"color: #999999;\">\u2022 <a name=\"glucose\"><\/a> <strong>glucose<\/strong><\/span> (nom masculin ; pluriel : glucoses) : hexose de formule C<sub>6<\/sub>H<sub>12<\/sub>O<sub>6<\/sub><br \/>\n<em>(de gleukos = vin doux)<\/em><\/p>\n<p>&nbsp;<\/p>\n<p><span style=\"color: #999999;\">\u2022 <a name=\"glycane\"><\/a> <strong>glycane<\/strong><\/span> (nom masculin ; pluriel : glycanes) : polym\u00e8re d&rsquo;oses li\u00e9s par des liaisons glycosidiques<br \/>\n<em>glyc(o)- = sucre ;  -ane = terminaison chimique (de glukus = de saveur douce, sucr\u00e9e)<\/em><\/p>\n<p>&nbsp;<\/p>\n<p><span style=\"color: #999999;\">\u2022 <a name=\"glycemie\"><\/a> <strong>glyc\u00e9mie<\/strong><\/span> (nom f\u00e9minin ; pluriel : glyc\u00e9mies) : concentration sanguine de glucose<br \/>\n<em>glyc(o)- = sucre ;  -\u00e9mie = concentration dans le sang (de glukus = de saveur douce, sucr\u00e9e ; haima = sang)<\/em><\/p>\n<p>&nbsp;<\/p>\n<p><span style=\"color: #999999;\">\u2022 <a name=\"glycoproteine\"><\/a> <strong>glycoprot\u00e9ine<\/strong><\/span> (nom f\u00e9minin ; pluriel : glycoprot\u00e9ines) : mol\u00e9cule form\u00e9e d&rsquo;une prot\u00e9ine \u00e0 laquelle sont li\u00e9es des mol\u00e9cules glucidiques<br \/>\n<em>glyc(o)- = sucre ;  prot\u00e9ine (de glukus = de saveur douce, sucr\u00e9e ; protos = premier)<\/em><\/p>\n<p>&nbsp;<\/p>\n<p><span style=\"color: #999999;\">\u2022 <a name=\"glycosaminoglycane\"><\/a> <strong>glycosaminoglycane<\/strong><\/span> (nom masculin ; pluriel : glycosaminoglycanes) : mol\u00e9cule form\u00e9e d&rsquo;unit\u00e9s glucidiques se r\u00e9p\u00e9tant, compos\u00e9es chacune d&rsquo;un hexose amin\u00e9 et d&rsquo;un acide uronique<br \/>\n<em>glyc(o)- = sucre ;  amin(o)- = amine ;  glycane (de glukus = de saveur douce, sucr\u00e9e ; ammoniacum = de la r\u00e9gion du temple d&rsquo;Ammon [Libye])<\/em><\/p>\n<p>&nbsp;<\/p>\n<p><span style=\"color: #999999;\">\u2022 <a name=\"gnathostome\"><\/a> <strong>Gnathostome<\/strong><\/span> (nom masculin ; pluriel : Gnathostomes) : d\u00e9signe un taxon d&rsquo;animaux caract\u00e9ris\u00e9 notamment par une bouche entour\u00e9e de deux m\u00e2choires articul\u00e9es ;  les Gnathostomes sont des Vert\u00e9br\u00e9s et incluent en particulier les T\u00e9l\u00e9ost\u00e9ens, les Lissamphibiens et les Mammif\u00e8res<br \/>\n<em>gnath(o)- = m\u00e2choire ;  -stome = bouche (de gnathos = m\u00e2choire ; stoma = bouche, orifice)<\/em><\/p>\n<p>&nbsp;<\/p>\n<p><span style=\"color: #999999;\">\u2022 <a name=\"gonade\"><\/a> <strong>gonade<\/strong><\/span> (nom f\u00e9minin ; pluriel : gonades) : organe de l&rsquo;appareil reproducteur produisant les gam\u00e8tes ;  une gonade m\u00e2le est un testicule, une gonade femelle un ovaire, une gonade<br \/>\nhermaphrodite un ovotestis<br \/>\n<em>(de gonos = semence)<\/em><\/p>\n<p>&nbsp;<\/p>\n<p><span style=\"color: #999999;\">\u2022 <a name=\"gonadique\"><\/a> <strong>gonadique<\/strong><\/span> (gonadique ; pluriel : gonadiques ; gonadiques) : relatif \u00e0 une gonade<br \/>\n<em>gonad- = gonade (de gonos = semence)<\/em><\/p>\n<p>&nbsp;<\/p>\n<p><span style=\"color: #999999;\">\u2022 <a name=\"gonochorique\"><\/a><strong>gonochorique<\/strong><\/span> (gonochorique ; pluriel : gonochoriques ; gonochoriques) : qualifie une esp\u00e8ce dans laquelle il existe des individus m\u00e2les et des individus femelles distincts<br \/>\n<em>gon(o)- = reproducteur ;  -chor- = s\u00e9paration (de gonos = semence ; khorismos = s\u00e9paration)<\/em><\/p>\n<p>&nbsp;<\/p>\n<p><span style=\"color: #999999;\">\u2022 <a name=\"gonocoele\"><\/a> <strong>gonoc\u0153le<\/strong><\/span> (nom masculin ; pluriel : gono\u0153les) : cavit\u00e9 c\u0153lomique entourant une gonade ;  gonoc\u0153le est \u00e9galement orthographi\u00e9 gonoc\u00e8le<br \/>\n<em>gon(o)- = reproducteur ;  -c\u0153le = cavit\u00e9, creux (de gonos = semence ;  koiloma = cavit\u00e9)<\/em><\/p>\n<p>&nbsp;<\/p>\n<p><span style=\"color: #999999;\">\u2022 <a name=\"gonocyte\"><\/a> <strong>gonocyte<\/strong><\/span> (nom masculin ; pluriel : gonocytes) : cellule reproductrice<br \/>\n<em>gon(o)- = reproducteur ;  -cyte = cellule (de gonos = semence ; kutos = cellule)<\/em><\/p>\n<p>&nbsp;<\/p>\n<p><span style=\"color: #999999;\">\u2022 <a name=\"gonoducte\"><\/a> <strong>gonoducte<\/strong><\/span> (nom masculin ; pluriel : gonoductes) : canal de l&rsquo;appareil g\u00e9nital, prenant en charge les cellules sexuelles<br \/>\n<em>gon(o)- = reproducteur ;  -ducte = conduit (de gonos = semence ; ductus = amener, conduire)<\/em><\/p>\n<p>&nbsp;<\/p>\n<p><span style=\"color: #999999;\">\u2022 <a name=\"gonophore\"><\/a> <strong>gonophore<\/strong><\/span> (nom masculin ; pluriel : gonophores) : organe temporaire produisant les gam\u00e8tes (Cnidaires)<br \/>\n<em>gon(o)- = reproducteur ;  -phore = qui porte (de gonos = semence ; phoros = qui porte)<\/em><\/p>\n<p>&nbsp;<\/p>\n<p><span style=\"color: #999999;\">\u2022 <a name=\"gonozoide\"><\/a> <strong>gonozo\u00efde<\/strong><\/span> (nom masculin ; pluriel : gonozo\u00efdes) : dans une colonie, individu sp\u00e9cialis\u00e9 dans la reproduction (Cnidaires, Bryozoaires)<br \/>\n<em>gon(o)- = reproducteur ;  zo\u00efde = animal (de gonos = reproducteur ; zooeides = semblable \u00e0 un animal)<\/em><\/p>\n<p>&nbsp;<\/p>\n<p><span style=\"color: #999999;\">\u2022 <a name=\"gradient\"><\/a> <strong>gradient<\/strong><\/span> (nom masculin ; pluriel : gradients) : diminution d&rsquo;une grandeur physique (pression partielle, concentration, temp\u00e9rature, potentiel \u00e9lectrique&#8230;) \u00e0 partir d&rsquo;un point maximal<br \/>\n<em>(de gradus = degr\u00e9)<\/em><\/p>\n<p>&nbsp;<\/p>\n<p><span style=\"color: #999999;\">\u2022 <a name=\"granivore\"><\/a> <strong>granivore<\/strong><\/span> (granivore ; pluriel : granivores ; granivores) : qui se nourrit principalement de graines<br \/>\n<em>gran(i)- = graine ;  -vore = qui mange (de granum = grain ;  vorare = avaler)<\/em><\/p>\n<p>&nbsp;<\/p>\n<p><span style=\"color: #999999;\">\u2022 <a name=\"granule\"><\/a> <strong>granule<\/strong><\/span> (nom masculin ; pluriel : granules) : petit grain pr\u00e9sent dans le cytoplasme d&rsquo;une cellule, observ\u00e9 au microscope photonique<br \/>\n<em>(de granulum = diminutif de granum = grain)<\/em><\/p>\n<p>&nbsp;<\/p>\n<p><span style=\"color: #999999;\">\u2022 <a name=\"granulocyte\"><\/a> <strong>granulocyte<\/strong><\/span> (nom masculin ; pluriel : granulocytes) : cellule sanguine pr\u00e9sentant de nombreux granules cytoplasmiques ; les granulocytes sont des leucocytes \u00e9galement appel\u00e9s polynucl\u00e9aires<br \/>\nen raison de la possession d&rsquo;un noyau plurilob\u00e9 (Vert\u00e9br\u00e9s)<br \/>\n<em>granul(o)- = granule ;  -cyte = cellule (de granulum = diminutif de granum = grain ;  kutos = cellule)<\/em><\/p>\n<p>&nbsp;<\/p>\n<p><span style=\"color: #999999;\">\u2022 <a name=\"granulosa\"><\/a> <strong>granulosa<\/strong><\/span> (nom f\u00e9minin ; pluriel : granulosa) : ensemble des cellules folliculaires pr\u00e9sentes dans les follicules ovariens, agenc\u00e9es en plusieurs couches (Mammif\u00e8res) ;  la granulosa est \u00e9galement appel\u00e9e couche granuleuse<br \/>\n<em>granul(o)- = granule (de granulum = diminutif de granum = grain)<\/em><\/p>\n<p>&nbsp;<\/p>\n<p><span style=\"color: #999999;\">\u2022 <a name=\"griffe\"><\/a><strong>griffe<\/strong><\/span> (nom f\u00e9minin ; pluriel : griffes) : constituant de la patte des Insectes<br \/>\n<em>(de grif = griffer)<\/em><\/p>\n<p>&nbsp;<\/p>\n<p><span style=\"color: #999999;\">\u2022 <a name=\"gustatif\"><\/a> <strong>gustatif<\/strong><\/span> (gustative ; pluriel : gustatifs ; gustatives) : relatif au go\u00fbt<br \/>\n<em>gustat- = gustation (de gustus = go\u00fbt)<\/em><\/p>\n<p><\/html><\/p>\n","protected":false},"excerpt":{"rendered":"<p>\u2022 gal\u00e9a (nom f\u00e9minin ; pluriel : gal\u00e9as) : pi\u00e8ce de la maxille, appendice associ\u00e9 \u00e0 la bouche (Insectes) (de galea = casque) &nbsp; \u2022 gam\u00e8te (nom masculin ; pluriel : gam\u00e8tes) : cellule sexuelle haplo\u00efde, dont la fusion avec une cellule sexuelle compl\u00e9mentaire conduit \u00e0 la formation d&rsquo;une cellule diplo\u00efde, \u00e0 l&rsquo;origine d&rsquo;un nouvel [&hellip;]<\/p>\n","protected":false},"author":2,"featured_media":0,"parent":26,"menu_order":7,"comment_status":"closed","ping_status":"closed","template":"","meta":{"site-sidebar-layout":"default","site-content-layout":"","ast-site-content-layout":"default","site-content-style":"default","site-sidebar-style":"default","ast-global-header-display":"","ast-banner-title-visibility":"","ast-main-header-display":"","ast-hfb-above-header-display":"","ast-hfb-below-header-display":"","ast-hfb-mobile-header-display":"","site-post-title":"","ast-breadcrumbs-content":"","ast-featured-img":"","footer-sml-layout":"","ast-disable-related-posts":"","theme-transparent-header-meta":"","adv-header-id-meta":"","stick-header-meta":"","header-above-stick-meta":"","header-main-stick-meta":"","header-below-stick-meta":"","astra-migrate-meta-layouts":"default","ast-page-background-enabled":"default","ast-page-background-meta":{"desktop":{"background-color":"var(--ast-global-color-4)","background-image":"","background-repeat":"repeat","background-position":"center center","background-size":"auto","background-attachment":"scroll","background-type":"","background-media":"","overlay-type":"","overlay-color":"","overlay-opacity":"","overlay-gradient":""},"tablet":{"background-color":"","background-image":"","background-repeat":"repeat","background-position":"center center","background-size":"auto","background-attachment":"scroll","background-type":"","background-media":"","overlay-type":"","overlay-color":"","overlay-opacity":"","overlay-gradient":""},"mobile":{"background-color":"","background-image":"","background-repeat":"repeat","background-position":"center center","background-size":"auto","background-attachment":"scroll","background-type":"","background-media":"","overlay-type":"","overlay-color":"","overlay-opacity":"","overlay-gradient":""}},"ast-content-background-meta":{"desktop":{"background-color":"var(--ast-global-color-5)","background-image":"","background-repeat":"repeat","background-position":"center center","background-size":"auto","background-attachment":"scroll","background-type":"","background-media":"","overlay-type":"","overlay-color":"","overlay-opacity":"","overlay-gradient":""},"tablet":{"background-color":"var(--ast-global-color-5)","background-image":"","background-repeat":"repeat","background-position":"center center","background-size":"auto","background-attachment":"scroll","background-type":"","background-media":"","overlay-type":"","overlay-color":"","overlay-opacity":"","overlay-gradient":""},"mobile":{"background-color":"var(--ast-global-color-5)","background-image":"","background-repeat":"repeat","background-position":"center center","background-size":"auto","background-attachment":"scroll","background-type":"","background-media":"","overlay-type":"","overlay-color":"","overlay-opacity":"","overlay-gradient":""}},"footnotes":""},"class_list":["post-12539","page","type-page","status-publish","hentry"],"aioseo_notices":[],"jetpack_sharing_enabled":true,"_links":{"self":[{"href":"https:\/\/codexvirtualis.fr\/codex\/wp-json\/wp\/v2\/pages\/12539","targetHints":{"allow":["GET"]}}],"collection":[{"href":"https:\/\/codexvirtualis.fr\/codex\/wp-json\/wp\/v2\/pages"}],"about":[{"href":"https:\/\/codexvirtualis.fr\/codex\/wp-json\/wp\/v2\/types\/page"}],"author":[{"embeddable":true,"href":"https:\/\/codexvirtualis.fr\/codex\/wp-json\/wp\/v2\/users\/2"}],"replies":[{"embeddable":true,"href":"https:\/\/codexvirtualis.fr\/codex\/wp-json\/wp\/v2\/comments?post=12539"}],"version-history":[{"count":2,"href":"https:\/\/codexvirtualis.fr\/codex\/wp-json\/wp\/v2\/pages\/12539\/revisions"}],"predecessor-version":[{"id":12541,"href":"https:\/\/codexvirtualis.fr\/codex\/wp-json\/wp\/v2\/pages\/12539\/revisions\/12541"}],"up":[{"embeddable":true,"href":"https:\/\/codexvirtualis.fr\/codex\/wp-json\/wp\/v2\/pages\/26"}],"wp:attachment":[{"href":"https:\/\/codexvirtualis.fr\/codex\/wp-json\/wp\/v2\/media?parent=12539"}],"curies":[{"name":"wp","href":"https:\/\/api.w.org\/{rel}","templated":true}]}}