{"id":12536,"date":"2020-03-21T15:31:36","date_gmt":"2020-03-21T14:31:36","guid":{"rendered":"https:\/\/codexvirtualis.fr\/codex\/?page_id=12536"},"modified":"2020-03-21T15:50:16","modified_gmt":"2020-03-21T14:50:16","slug":"glossaire-f","status":"publish","type":"page","link":"https:\/\/codexvirtualis.fr\/codex\/glossaire\/glossaire-f","title":{"rendered":"Glossaire : F"},"content":{"rendered":"<p><!DOCTYPE html><br \/>\n<html><br \/>\n<span style=\"color: #999999;\">\u2022 <a name=\"face\"><\/a> <strong>face<\/strong><\/span> (nom f\u00e9minin ; pluriel : faces) : partie ant\u00e9rieure de la t\u00eate<br \/>\n<em>(de facies = face)<\/em><\/p>\n<p>&nbsp;<br \/>\n<span style=\"color: #999999;\">\u2022 <a name=\"facial\"><\/a> <strong>facial<\/strong><\/span> (faciale ; pluriel : faciaux ; faciales) : relatif \u00e0 la face<br \/>\n<em>fac-= face (de facies = face)<\/em><\/p>\n<p>&nbsp;<\/p>\n<p><span style=\"color: #999999;\">\u2022 <a name=\"faisceau\"><\/a> <strong>faisceau<\/strong><\/span> (nom masculin ; pluriel : faisceaux) : groupe ordonn\u00e9 de structures fibreuses de nature semblable (cellules,axones, prot\u00e9ines)<br \/>\n<em>(de fascis = fagot)<\/em><\/p>\n<p>&nbsp;<\/p>\n<p><span style=\"color: #999999;\">\u2022 <a name=\"famille\"><\/a><strong>famille<\/strong><\/span> (nom f\u00e9minin ; pluriel : familles) : unit\u00e9 de classification regroupant des genres ; les famille sont regroup\u00e9es dans des ordres<br \/>\n<em>Dans la nomenclature scientifique, les familles sont d\u00e9sign\u00e9es par un nom ayant la terminaison -idae dans le cas des animaux, -aceae dans le cas des v\u00e9g\u00e9taux ; les noms des familles sont universels, ils peuvent \u00eatre traduits en fran\u00e7ais en utilisant les terminaisons -id\u00e9s pour les animaux et -ac\u00e9es pour les v\u00e9g\u00e9taux.<\/em><br \/>\n<em>(de familia = famille)<\/em> <\/p>\n<p>&nbsp;<\/p>\n<p><span style=\"color: #999999;\">\u2022 <a name=\"fascicule\"><\/a> <strong>fascicul\u00e9<\/strong><\/span> (fascicul\u00e9e ; pluriel : fascicul\u00e9s ; fascicul\u00e9es) : agenc\u00e9 en faisceau<br \/>\n<em>fasc- = faisceau (de fascis = fagot)<\/em><\/p>\n<p>&nbsp;<\/p>\n<p><span style=\"color: #999999;\">\u2022 <a name=\"fausse-patte\"><\/a><strong>fausse patte<\/strong><\/span> : structure paire, charnue et non articul\u00e9e, port\u00e9e par l\u2019abdomen de certaines formes larvaires d\u2019Insectes (larve \u00e9ruciforme notamment) ; les fausses pattes contribuent \u00e0 la locomotion<\/p>\n<p>&nbsp;<\/p>\n<p><span style=\"color: #999999;\">\u2022 <a name=\"feces\"><\/a> <strong>f\u00e8ces<\/strong><\/span> (nom masculin ; pluriel : f\u00e8ces) : r\u00e9sidus de l&rsquo;alimentation, constitu\u00e9s de substances non digestibles et non assimilables<br \/>\n<em>(de faeces = excr\u00e9ments)<\/em><\/p>\n<p>&nbsp;<\/p>\n<p><span style=\"color: #999999;\">\u2022 <a name=\"fecondation\"><\/a><strong>f\u00e9condation<\/strong><\/span> (nom f\u00e9minin ; pluriel : f\u00e9condations) : processus de fusion de deux cellules compl\u00e9mentaires, donnant naissance \u00e0 la premi\u00e8re cellule d&rsquo;un nouvel individu appel\u00e9e zygote ; chez les animaux la f\u00e9condation concerne deux gam\u00e8tes haplo\u00efdes, le spermatozo\u00efde m\u00e2le et l&rsquo;ovule femelle, elle r\u00e9tablit la diplo\u00efdie<br \/>\n<em>(de fecundus = f\u00e9cond)<\/em><\/p>\n<p>&nbsp;<\/p>\n<p><span style=\"color: #999999;\">\u2022 <a name=\"feconde\"><\/a> <strong>f\u00e9cond\u00e9<\/strong><\/span> (f\u00e9cond\u00e9e ; pluriel : f\u00e9cond\u00e9s ; f\u00e9cond\u00e9es) : qui a subi une f\u00e9condation<br \/>\n<em>f\u00e9cond- = f\u00e9condation (de fecundus = f\u00e9cond)<\/em><\/p>\n<p>&nbsp;<\/p>\n<p><span style=\"color: #999999;\">\u2022 <a name=\"femur\"><\/a><strong>f\u00e9mur<\/strong><\/span> : r\u00e9gion de la patte des Insectes<br \/>\n<em>(de femur = cuisse)<\/em><\/p>\n<p>&nbsp;<\/p>\n<p><span style=\"color: #999999;\">\u2022 <a name=\"fenetre\"><\/a> <strong>fen\u00eatr\u00e9<\/strong><\/span> (fen\u00eatr\u00e9e ; pluriel : fen\u00eatr\u00e9s ; fen\u00eatr\u00e9es) : dont la paroi pr\u00e9sente des pores (capillaires par exemple)<br \/>\n<em>(de fenestra = fen\u00eatre)<\/em><\/p>\n<p>&nbsp;<\/p>\n<p><span style=\"color: #999999;\">\u2022 <a name=\"fermentation\"><\/a> <strong>fermentation<\/strong><\/span> (nom f\u00e9minin ; pluriel : fermentations) : voie m\u00e9tabolique consistant en une d\u00e9gradation partielle des mol\u00e9cules organiques<br \/>\n<em>(de fermentum = ferment)<\/em><\/p>\n<p>&nbsp;<\/p>\n<p><span style=\"color: #999999;\">\u2022 <a name=\"fermenteur\"><\/a> <strong>fermenteur<\/strong><\/span> (nom masculin ; pluriel : fermenteurs) : structure dans laquelle les conditions sont favorables au d\u00e9veloppement de microorganismes r\u00e9alisant des fermentations<br \/>\n<em>ferment- = fermentation (de fermentum = ferment<\/em><\/p>\n<p>&nbsp;<\/p>\n<p><span style=\"color: #999999;\">\u2022 <a name=\"feuillet\"><\/a> <strong>feuillet<\/strong><\/span> (nom masculin ; pluriel : feuillets) : structure<br \/>\nen forme de lame, fine et plate ;  les feuillets embryonnaires, de la capsule de Bowman, des branchies sont des ensembles pluricellulaires en lames ; le feuillet, troisi\u00e8me poche de l&rsquo;\u0153sophage des ruminants, est un organe dont la paroi est lamelleuse<br \/>\n<em>(de folium = feuille)<\/em><\/p>\n<p>&nbsp;<\/p>\n<p><span style=\"color: #999999;\">\u2022 <a name=\"fibroblaste\"><\/a> <strong>fibroblaste<\/strong><\/span> (nom masculin ; pluriel : fibroblastes) : cellule du tissu conjonctif fibreux r\u00e9alisant la production du mat\u00e9riel extracellulaire, se diff\u00e9renciant en fibrocyte<br \/>\n<em>fibr(o)- = tissu fibreux ;  -blaste = cellule m\u00e8re (de fibra = fibre ; blastos = germe)<\/em><\/p>\n<p>&nbsp;<\/p>\n<p><span style=\"color: #999999;\">\u2022 <a name=\"fibrocyte\"><\/a> <strong>fibrocyte<\/strong><\/span> (nom masculin ; pluriel : fibrocytes) : cellule diff\u00e9renci\u00e9e du tissu conjonctif fibreux, r\u00e9alisant l&rsquo;entretien de la matrice extracellulaire<br \/>\n<em>fibr(o)- = tissu fibreux ;  -cyte = cellule (de fibra = fibre ;  kutos = cellule)<\/em><\/p>\n<p>&nbsp;<\/p>\n<p><span style=\"color: #999999;\">\u2022 <a name=\"fibromyocyte\"><\/a> <strong>fibromyocyte<\/strong><\/span> (nom masculin ; pluriel : fibromyocytes) : cellule diff\u00e9renci\u00e9e du tissu conjonctif fibreux, dou\u00e9e de propri\u00e9t\u00e9s contractiles<br \/>\n<em>fibr(o)- = tissu fibreux ;  -my(o)- = muscle ;  -cyte = cellule (de fibra = fibre ;  muos = muscle ;  kutos = cellule)<\/em><\/p>\n<p>&nbsp;<\/p>\n<p><span style=\"color: #999999;\">\u2022 <a name=\"filiere\"><\/a> <strong>fili\u00e8re<\/strong><\/span> (nom f\u00e9minin ; pluriel : fili\u00e8res) : organe produisant un fil de soie (Eurthropodes)<br \/>\n<em>(de filum = fil)<\/em><\/p>\n<p>&nbsp;<\/p>\n<p><span style=\"color: #999999;\">\u2022 <a name=\"filiforme\"><\/a> <strong>filiforme<\/strong><\/span> (filiforme ; pluriel : filiformes ; filiformes) : qui est long et fin, rappelant un fil<br \/>\n<em>fil(i)- = fil ;  -forme = en forme de (de filum = fil ;  de forma = forme)<\/em><\/p>\n<p>&nbsp;<\/p>\n<p><span style=\"color: #999999;\">\u2022 <a name=\"filtration\"><\/a><strong>filtration<\/strong><\/span> (nom f\u00e9minin ; pluriel : filtrations) : processus par lequel un liquide traverse sous l&rsquo;effet d&rsquo;une diff\u00e9rence de pression une structure, qui a la propri\u00e9t\u00e9 de retenir certains<br \/>\nconstituants ; dans le contexte de la prise alimentaire, capture de nourriture par tamisage de l&rsquo;eau du milieu, les aliments consistant en particules en suspension dans l\u2019eau<br \/>\n<em>La filtration rel\u00e8ve de la microphagie, la taille des particules ing\u00e9r\u00e9es \u00e9tant faible par rapport \u00e0 celle de l\u2019organisme.<br \/>\nL&rsquo;expression microphagie par filtration est synonyme de suspensivorie, les particules alimentaires captur\u00e9es \u00e9tant en suspension dans l\u2019eau du milieu.<\/em><br \/>\n<em>(de filtrum = feutre)<\/em><\/p>\n<p>&nbsp;<\/p>\n<p><span style=\"color: #999999;\">\u2022 <a name=\"filtre\"><\/a> <strong>filtr\u00e9<\/strong><\/span> (filtr\u00e9e ; pluriel : filtr\u00e9 ; filtr\u00e9es) : qui a subi une filtration (liquide, substance)<br \/>\n<em>filtr- = filtration (de filtrum = feutre)<\/em><\/p>\n<p>&nbsp;<\/p>\n<p><span style=\"color: #999999;\">\u2022 <a name=\"flagelle-n\"><\/a> <strong>flagelle<\/strong><\/span> (nom masculin ; pluriel : flagelles) : expansion allong\u00e9e de la membrane plasmique d&rsquo;une cellule, soutenue par un axon\u00e8me et mobile<br \/>\n<em>(de flagellum = fouet)<\/em><\/p>\n<p>&nbsp;<\/p>\n<p><span style=\"color: #999999;\">\u2022 <a name=\"flagelle-a\"><\/a> <strong>flagell\u00e9<\/strong><\/span> (flagell\u00e9e ; pluriel : flagell\u00e9s ; flagell\u00e9es) : qui porte un ou plusieurs flagelles<br \/>\n<em>flagell- = flagelle (de flagellum = fouet)<\/em><\/p>\n<p>&nbsp;<\/p>\n<p><span style=\"color: #999999;\">\u2022 <a name=\"flore\"><\/a> <strong>flore<\/strong><\/span> (nom f\u00e9minin ; pluriel : flores) : communaut\u00e9 des microorganismes occupant un milieu<br \/>\n<em>(de floris = fleur)<\/em><\/p>\n<p>&nbsp;<\/p>\n<p><span style=\"color: #999999;\">\u2022 <a name=\"foetal\"><\/a> <strong>f\u0153tal<\/strong><\/span> (f\u0153tale ; pluriel : f\u0153taux ; f\u0153tales) : relatif \u00e0 un f\u0153tus<br \/>\n<em>f\u0153t- = f\u0153tus (de f\u0153tus = enfantement, produire)<\/em><\/p>\n<p>&nbsp;<\/p>\n<p><span style=\"color: #999999;\">\u2022 <a name=\"foetus\"><\/a> <strong>f\u0153tus<\/strong><\/span> (nom masculin ; pluriel : f\u0153tus ou foeti) : individu<br \/>\nen d\u00e9veloppement dans l&rsquo;ut\u00e9rus, une fois la mise en place du plan d&rsquo;organisation achev\u00e9e (Mammif\u00e8res)<br \/>\n<em>(de f\u0153tus = enfantement, produire)<\/em><\/p>\n<p>&nbsp;<\/p>\n<p><span style=\"color: #999999;\">\u2022 <a name=\"foie\"><\/a> <strong>foie<\/strong><\/span> (nom masculin ; pluriel : foies) : organe de l&rsquo;appareil digestif r\u00e9alisant la production de bile, impliqu\u00e9 dans le m\u00e9tabolisme glucidique, la synth\u00e8se et le  stockage de diverses substances et jouant un r\u00f4le de d\u00e9toxication (Vert\u00e9br\u00e9s)<br \/>\n<em>(de fecatum = foie)<\/em><\/p>\n<p>&nbsp;<\/p>\n<p><span style=\"color: #999999;\">\u2022 <a name=\"folliculaire\"><\/a> <strong>folliculaire<\/strong><\/span> (folliculaire ; pluriel : folliculaires ; folliculaires) : relatif \u00e0 un follicule<br \/>\n<em>follicul- = follicule (de folliculus = diminutif de follis = petit sac, ballon)<\/em><\/p>\n<p>&nbsp;<\/p>\n<p><span style=\"color: #999999;\">\u2022 <a name=\"follicule\"><\/a> <strong>follicule<\/strong><\/span> (nom masculin ; pluriel : follicules) : structure sph\u00e9rique dans un tissu ou un organe, renfermant une substance ou un groupe de cellules sp\u00e9cifiques (follicule thyro\u00efdien, follicule ovarien)<br \/>\n<em>(de folliculus = diminutif de follis = petit sac, ballon)<\/em><\/p>\n<p>&nbsp;<\/p>\n<p><span style=\"color: #999999;\">\u2022 <a name=\"fonction\"><\/a> <strong>fonction<\/strong><\/span> (nom f\u00e9minin ; pluriel : fonctions) : r\u00f4le d&rsquo;une structure au sein d&rsquo;un ensemble ; activit\u00e9 d&rsquo;une structure de l&rsquo;organisme (appareil, syst\u00e8me, organe, tissu, cellule)<br \/>\n<em>(de functus = accomplir)<\/em><\/p>\n<p>&nbsp;<\/p>\n<p><span style=\"color: #999999;\">\u2022 <a name=\"fonctionnel\"><\/a> <strong>fonctionnel<\/strong><\/span> (fonctionnelle ; pluriel : fonctionnels ; fonctionnelles) : relatif \u00e0 une fonction<br \/>\n<em>fonction- = fonction (de functus = fonction)<\/em><\/p>\n<p>&nbsp; <\/p>\n<p><span style=\"color: #999999;\">\u2022 <a name=\"forcipule\"><\/a> <strong>forcipule<\/strong><\/span> (nom masculin ; pluriel : forcipules) : appendice en forme de crochet (Euarthropodes myriapodes)<br \/>\n<em>forcip- = pince ;  -ule = diminutif (de forcipis = pince)<\/em><\/p>\n<p>&nbsp;<\/p>\n<p><span style=\"color: #999999;\">\u2022 <a name=\"frontal\"><\/a> <strong>frontal<\/strong><\/span> (frontale ; pluriel : frontaux ; frontales) : relatif au front<br \/>\n<em>front- = front (de frons = front)<\/em><\/p>\n<p>&nbsp;<\/p>\n<p><span style=\"color: #999999;\">\u2022 <a name=\"front\"><\/a> <strong>front<\/strong><\/span> (nom masculin ; pluriel : fronts) : partie sup\u00e9rieure et ant\u00e9rieure de la t\u00eate<br \/>\n<em>(de frons = front)<\/em><\/p>\n<p>&nbsp;<\/p>\n<p><span style=\"color: #999999;\">\u2022 <a name=\"fusiforme\"><\/a> <strong>fusiforme<\/strong><\/span> (fusiforme ; pluriel : fusiformes ; fusiformes) : qualifie une structure longue, renfl\u00e9 en son milieu et effil\u00e9e \u00e0 ses extr\u00e9mit\u00e9s, rappelant un fuseau<br \/>\n<em>fus(i)- = fuseau ;  -forme = en forme de (de fusus = fuseau ;  forma = forme)<\/em><\/p>\n<p><\/html><\/p>\n","protected":false},"excerpt":{"rendered":"<p>\u2022 face (nom f\u00e9minin ; pluriel : faces) : partie ant\u00e9rieure de la t\u00eate (de facies = face) &nbsp; \u2022 facial (faciale ; pluriel : faciaux ; faciales) : relatif \u00e0 la face fac-= face (de facies = face) &nbsp; \u2022 faisceau (nom masculin ; pluriel : faisceaux) : groupe ordonn\u00e9 de structures fibreuses de [&hellip;]<\/p>\n","protected":false},"author":2,"featured_media":0,"parent":26,"menu_order":6,"comment_status":"closed","ping_status":"closed","template":"","meta":{"site-sidebar-layout":"default","site-content-layout":"","ast-site-content-layout":"default","site-content-style":"default","site-sidebar-style":"default","ast-global-header-display":"","ast-banner-title-visibility":"","ast-main-header-display":"","ast-hfb-above-header-display":"","ast-hfb-below-header-display":"","ast-hfb-mobile-header-display":"","site-post-title":"","ast-breadcrumbs-content":"","ast-featured-img":"","footer-sml-layout":"","ast-disable-related-posts":"","theme-transparent-header-meta":"","adv-header-id-meta":"","stick-header-meta":"","header-above-stick-meta":"","header-main-stick-meta":"","header-below-stick-meta":"","astra-migrate-meta-layouts":"default","ast-page-background-enabled":"default","ast-page-background-meta":{"desktop":{"background-color":"var(--ast-global-color-4)","background-image":"","background-repeat":"repeat","background-position":"center center","background-size":"auto","background-attachment":"scroll","background-type":"","background-media":"","overlay-type":"","overlay-color":"","overlay-opacity":"","overlay-gradient":""},"tablet":{"background-color":"","background-image":"","background-repeat":"repeat","background-position":"center center","background-size":"auto","background-attachment":"scroll","background-type":"","background-media":"","overlay-type":"","overlay-color":"","overlay-opacity":"","overlay-gradient":""},"mobile":{"background-color":"","background-image":"","background-repeat":"repeat","background-position":"center center","background-size":"auto","background-attachment":"scroll","background-type":"","background-media":"","overlay-type":"","overlay-color":"","overlay-opacity":"","overlay-gradient":""}},"ast-content-background-meta":{"desktop":{"background-color":"var(--ast-global-color-5)","background-image":"","background-repeat":"repeat","background-position":"center center","background-size":"auto","background-attachment":"scroll","background-type":"","background-media":"","overlay-type":"","overlay-color":"","overlay-opacity":"","overlay-gradient":""},"tablet":{"background-color":"var(--ast-global-color-5)","background-image":"","background-repeat":"repeat","background-position":"center center","background-size":"auto","background-attachment":"scroll","background-type":"","background-media":"","overlay-type":"","overlay-color":"","overlay-opacity":"","overlay-gradient":""},"mobile":{"background-color":"var(--ast-global-color-5)","background-image":"","background-repeat":"repeat","background-position":"center center","background-size":"auto","background-attachment":"scroll","background-type":"","background-media":"","overlay-type":"","overlay-color":"","overlay-opacity":"","overlay-gradient":""}},"footnotes":""},"class_list":["post-12536","page","type-page","status-publish","hentry"],"aioseo_notices":[],"jetpack_sharing_enabled":true,"_links":{"self":[{"href":"https:\/\/codexvirtualis.fr\/codex\/wp-json\/wp\/v2\/pages\/12536","targetHints":{"allow":["GET"]}}],"collection":[{"href":"https:\/\/codexvirtualis.fr\/codex\/wp-json\/wp\/v2\/pages"}],"about":[{"href":"https:\/\/codexvirtualis.fr\/codex\/wp-json\/wp\/v2\/types\/page"}],"author":[{"embeddable":true,"href":"https:\/\/codexvirtualis.fr\/codex\/wp-json\/wp\/v2\/users\/2"}],"replies":[{"embeddable":true,"href":"https:\/\/codexvirtualis.fr\/codex\/wp-json\/wp\/v2\/comments?post=12536"}],"version-history":[{"count":2,"href":"https:\/\/codexvirtualis.fr\/codex\/wp-json\/wp\/v2\/pages\/12536\/revisions"}],"predecessor-version":[{"id":12538,"href":"https:\/\/codexvirtualis.fr\/codex\/wp-json\/wp\/v2\/pages\/12536\/revisions\/12538"}],"up":[{"embeddable":true,"href":"https:\/\/codexvirtualis.fr\/codex\/wp-json\/wp\/v2\/pages\/26"}],"wp:attachment":[{"href":"https:\/\/codexvirtualis.fr\/codex\/wp-json\/wp\/v2\/media?parent=12536"}],"curies":[{"name":"wp","href":"https:\/\/api.w.org\/{rel}","templated":true}]}}