{"id":12530,"date":"2020-03-21T15:24:29","date_gmt":"2020-03-21T14:24:29","guid":{"rendered":"https:\/\/codexvirtualis.fr\/codex\/?page_id=12530"},"modified":"2020-03-21T15:49:18","modified_gmt":"2020-03-21T14:49:18","slug":"glossaire-d","status":"publish","type":"page","link":"https:\/\/codexvirtualis.fr\/codex\/glossaire\/glossaire-d","title":{"rendered":"Glossaire : D"},"content":{"rendered":"<p><!DOCTYPE html><br \/>\n<html><br \/>\n<span style=\"color: #999999;\">\u2022 <a name=\"decidue\"><\/a><strong>d\u00e9cidue<\/strong><\/span> (nom f\u00e9minin ; pluriel : d\u00e9cidues) :<br \/>\npartie de la muqueuse ut\u00e9rine \u00e9limin\u00e9e lors de la parturition, avec le placenta (Mammif\u00e8res)<br \/>\n<em>(de decidua = qui tombe)<\/em><\/p>\n<p>&nbsp;<\/p>\n<p><span style=\"color: #999999;\">\u2022 <a name=\"definitif\"><\/a><strong>d\u00e9finitif<\/strong><\/span> (f\u00e9minin : d\u00e9finitive ; pluriel : d\u00e9finitifs ; d\u00e9finitives) : dont le traitement par l&rsquo;organisme est termin\u00e9, qui ne sera plus modifi\u00e9e (substance ou solution)<br \/>\n<em>(de d\u00e9finitivus = d\u00e9finitif)<\/em><\/p>\n<p>&nbsp;<\/p>\n<p><span style=\"color: #999999;\">\u2022 <a name=\"dendrite\"><\/a><strong>dendrite<\/strong><\/span> (nom f\u00e9minin ; pluriel : dendrites) :<br \/>\nramification, notamment \u00e0 l&rsquo;\u00e9chelle cellulaire ; les dendrites des neurones assurent une conduction centrip\u00e8te du  message nerveux<br \/>\n<em>(de dendron = arbre)<\/em><\/p>\n<p>&nbsp;<\/p>\n<p><span style=\"color: #999999;\">\u2022 <a name=\"dendritique\"><\/a><strong>dendritique<\/strong><\/span> (f\u00e9minin : dendritique ; pluriel : dendritiques ; dendritiques) : relatif \u00e0 une dendrite ; qui porte des dendrite ; les cellules dendritiques du syst\u00e8me immunitaire, pr\u00e9sentatrices d&rsquo;antig\u00e8nes, pr\u00e9sentent parfois des dendrites<br \/>\n<em>dendrit-= dendrite (de dendron = arbre)<\/em><\/p>\n<p>&nbsp;<\/p>\n<p><span style=\"color: #999999;\">\u2022 <a name=\"dent\"><\/a><strong>dent<\/strong><\/span> (nom f\u00e9minin ; pluriel : dents) : organe<br \/>\nassoci\u00e9 \u00e0 la bouche, dur, impliqu\u00e9 dans la prise de nourriture et\/ou son broyage (\u00c9chinodermes, Vert\u00e9br\u00e9s) ; structure pointue et dure port\u00e9e par une pi\u00e8ce anatomique (pi\u00e8ce buccale d&rsquo;Euarthropode, radula d&rsquo;Eumollusque&#8230;)<br \/>\n<em>(de dens = dent)<\/em><\/p>\n<p>&nbsp;<\/p>\n<p><span style=\"color: #999999;\">\u2022 <a name=\"dentine\"><\/a> <strong>dentine<\/strong><\/span> (nom f\u00e9minin ; pluriel : dentines) : substance entrant dans la composition des dents, \u00e9galement appel\u00e9e ivoire (Vert\u00e9br\u00e9s)<br \/>\n<em>dent- = dent ; -ine= substance (de dens = dent)<\/em><\/p>\n<p>&nbsp;<\/p>\n<p><span style=\"color: #999999;\">\u2022 <a name=\"denture\"><\/a> <strong>denture<\/strong><\/span> (nom f\u00e9minin ; pluriel: dentures) : ensemble et caract\u00e9ristiques des dents d&rsquo;un animal (Vert\u00e9br\u00e9s)<br \/>\n<em>dent- = dent (de dens = dent)<\/em><\/p>\n<p>&nbsp;<\/p>\n<p><span style=\"color: #999999;\">\u2022 <a name=\"depositivore\"><\/a><strong>d\u00e9positivore<\/strong><\/span> (f\u00e9minin : d\u00e9positivore ; pluriel : d\u00e9positivores ; d\u00e9positivores) : qualifie un animal pratiquant la d\u00e9positivorie<br \/>\n<em>Le terme d\u00e9positivorie d\u00e9rive de l&rsquo;expression \u00ab\u00a0deposit-feeder\u00a0\u00bb, \u00ab\u00a0vorie\u00a0\u00bb signifiant \u00ab\u00a0avaler\u00a0\u00bb, en r\u00e9f\u00e9rence \u00e0 l\u2019ingestion de particules d\u00e9pos\u00e9e \u00e0 la surface du substrat.<\/em><\/p>\n<p>&nbsp;<\/p>\n<p><span style=\"color: #999999;\">\u2022 <a name=\"depositivorie\"><\/a><strong>d\u00e9positivorie<\/strong><\/span> (nom f\u00e9minin ; pluriel : d\u00e9positivories) : prise alimentaire consistant en l&rsquo;ingestion de particules d\u00e9pos\u00e9es \u00e0 la surface ou dans la profondeur du substrat, g\u00e9n\u00e9ralement des d\u00e9bris ; la d\u00e9positivorie rel\u00e8ve de la microphagie, la taille des particules ing\u00e9r\u00e9es \u00e9tant faible par rapport \u00e0 celle de l\u2019organisme<br \/>\n<em>Le terme d\u00e9positivorie d\u00e9rive de l&rsquo;expression \u00ab\u00a0deposit-feeder\u00a0\u00bb, \u00ab\u00a0vorie\u00a0\u00bb signifiant \u00ab\u00a0avaler\u00a0\u00bb, en r\u00e9f\u00e9rence \u00e0 l\u2019ingestion de particules d\u00e9pos\u00e9e \u00e0 la surface du substrat.<\/em><\/p>\n<p>&nbsp;<\/p>\n<p><span style=\"color: #999999;\">\u2022 <a name=\"derme\"><\/a><strong>derme<\/strong><\/span> (nom masculin ; pluriel : dermes) : tissu<br \/>\nconjonctif fibreux localis\u00e9 sous l&rsquo;\u00e9piderme, l&rsquo;ensemble constituant le t\u00e9gument (\u00c9chinodermes, Vert\u00e9br\u00e9s)<br \/>\n<em>(de derma = peau)<\/em><\/p>\n<p>&nbsp;<\/p>\n<p><span style=\"color: #999999;\">\u2022 <a name=\"dermique\"><\/a> <strong>dermique<\/strong><\/span> (f\u00e9minin : dermique ; pluriel :  dermiques ; dermiques) : relatif au derme ; localis\u00e9 dans le derme<br \/>\n<em>derm- = derme (de derma = peau)<\/em><\/p>\n<p>&nbsp;<\/p>\n<p><span style=\"color: #999999;\">\u2022 <a name=\"descendant\"><\/a><strong>descendant<\/strong><\/span> (f\u00e9minin : descendante ; pluriel :  descendants ; descendantes) : qui est orient\u00e9 de haut en bas (structure, circulation) ; la branche descendante de l&rsquo;anse de Henl\u00e9 du n\u00e9phron achemine l&rsquo;urine de haut en bas (de la surface vers la profondeur du rein &#8211; Mammif\u00e8res)<br \/>\n<em>(de descendere = descendre)<\/em><\/p>\n<p>&nbsp;<\/p>\n<p><span style=\"color: #999999;\">\u2022 <a name=\"desquamer\"><\/a> <strong>desquamer<\/strong><\/span> (verbe) : \u00e9liminer les couches superficielles de la peau, sous forme de lambeaux ou d&rsquo;\u00e9cailles (Vert\u00e9br\u00e9s)<br \/>\n<em>(de squama = \u00e9caille)<\/em><\/p>\n<p>&nbsp;<\/p>\n<p><span style=\"color: #999999;\">\u2022 <a name=\"dessiccation\"><\/a> <strong>dessiccation<\/strong><\/span> (nom f\u00e9minin ; pluriel : dessiccations : perte d&rsquo;eau, dess\u00e8chement<br \/>\n<em>(de dessiccatio = dessiccation)<\/em><\/p>\n<p>&nbsp;<\/p>\n<p><span style=\"color: #999999;\">\u2022 <a name=\"deuterostomien\"><\/a><strong>deut\u00e9rostomien<\/strong><\/span> (f\u00e9minin : deut\u00e9rostomienne ; pluriel : deut\u00e9rostomiens ; deut\u00e9rostomiennes) : qualifie un organisme dont le premier orifice digestif form\u00e9 au cours du<br \/>\nd\u00e9veloppement (blastopore) correspond \u00e0 ou marque l&#8217;emplacement du futur anus, la bouche \u00e9tant perc\u00e9e secondairement<br \/>\n<em>deut\u00e9r(o)- = second ;  -stom- = bouche (de deuteros = second ;  stoma = bouche)<\/em><\/p>\n<p>&nbsp;<\/p>\n<p><span style=\"color: #999999;\">\u2022 <a name=\"deutocerebron\"><\/a><strong>deutoc\u00e9r\u00e9bron<\/strong><\/span> (nom masculin ; pluriel : deutoc\u00e9r\u00e9brons) : r\u00e9gion moyenne des centres nerveux c\u00e9phaliques et dorsaux, innervant notamment les antennes (Euarthropodes) ;  les centres nerveux ant\u00e9rieurs et dorsaux sont repr\u00e9sent\u00e9s par trois r\u00e9gions successives appel\u00e9es, de l&rsquo;avant vers l&rsquo;arri\u00e8re, protoc\u00e9r\u00e9bron, deutoc\u00e9r\u00e9bron et tritoc\u00e9r\u00e9bron<br \/>\n<em>deut(o)- = deuxi\u00e8me ;  c\u00e9r\u00e9br(o)- = cerveau (de deuteros = deuxi\u00e8me ; cerebrum = cerveau)<\/em><\/p>\n<p>&nbsp;<\/p>\n<p><span style=\"color: #999999;\">\u2022 <a name=\"developpement\"><\/a> <strong>d\u00e9veloppement<\/strong><\/span> (nom masculin ; pluriel : d\u00e9veloppements) : formation d&rsquo;une structure ;  phase de la vie d&rsquo;un animal s&rsquo;\u00e9tendant de la formation du zygote \u00e0 l&rsquo;acquisition de la maturit\u00e9 sexuelle, caract\u00e9ris\u00e9 par la mise en place du plan d&rsquo;organisation et la croissance<br \/>\n<em>Le d\u00e9veloppement est divis\u00e9 en :<\/em><\/p>\n<p style=\"padding-left: 30px;\"><span style=\"color: #999999;\">\u2022 <\/span><em>d\u00e9veloppement embryonnaire, compris entre la formation du zygote et l&rsquo;\u00e9closion ou la parturition, se d\u00e9roulant au sein des enveloppes de l&rsquo;\u0153uf ou de l&rsquo;organisme maternel<\/em><\/p>\n<p style=\"padding-left: 30px;\"><span style=\"color: #999999;\">\u2022 <\/span><em>d\u00e9veloppement post-embryonnaire, compris entre l&rsquo;\u00e9closion ou la parturition et l&rsquo;acquisition de la maturit\u00e9 sexuelle.<\/em><\/p>\n<p><em>(de des = \u00e9loignement, s\u00e9paration ; faluppa = balle de bl\u00e9)<\/em><\/p>\n<p><span style=\"color: #999999;\">\u2022 <a name=\"developpement-direct\"><\/a><strong>d\u00e9veloppement direct<\/strong><\/span> : d\u00e9veloppement dans lequel l&rsquo;\u00e9closion ou la naissance lib\u00e8re un individu juv\u00e9nile ; le d\u00e9veloppement post-embryonnaire consiste principalement en un processus de croissance<\/p>\n<p>&nbsp;<\/p>\n<p><span style=\"color: #999999;\">\u2022 <a name=\"developpement-embryonnaire\"><\/a><strong>d\u00e9veloppement embryonnaire<\/strong><\/span> : p\u00e9riode du cycle de d\u00e9veloppement d\u00e9butant avec la f\u00e9condation et prenant fin avec l\u2019\u00e9closion (d\u00e9veloppement embryonnaire se d\u00e9roulant au sein des enveloppes de l\u2019\u0153uf) ou la naissance (d\u00e9veloppement embryonnaire se d\u00e9roulant au sein de l\u2019organisme maternel)<\/p>\n<p>&nbsp;<\/p>\n<p><span style=\"color: #999999;\">\u2022 <a name=\"developpement-indirect\"><\/a><strong>d\u00e9veloppement indirect<\/strong><\/span> : d\u00e9veloppement dans lequel l&rsquo;\u00e9closion ou la naissance lib\u00e8re une larve ; le d\u00e9veloppement post-embryonnaire consiste en des processus de croissance et de morphogen\u00e8se, il comporte une m\u00e9tamorphose<\/p>\n<p>&nbsp;<\/p>\n<p><span style=\"color: #999999;\">\u2022 <a name=\"developpement-post-embryonnaire\"><\/a><strong>d\u00e9veloppement post-embryonnaire<\/strong><\/span> : p\u00e9riode du cycle de d\u00e9veloppement d\u00e9butant \u00e0 l\u2019\u00e9closion de l\u2019\u0153uf et prenant fin avec l\u2019acquisition de la maturit\u00e9 sexuelle<\/p>\n<p>&nbsp;<\/p>\n<p><span style=\"color: #999999;\">\u2022 <a name=\"diapause\"><\/a><strong>diapause<\/strong><\/span> (nom f\u00e9minin ; pluriel : diapauses) : forme de vie ralentie ou l\u00e9thargie, contr\u00f4l\u00e9e, et survenant g\u00e9n\u00e9ralement lors d&rsquo;une p\u00e9riode pendant laquelle les conditions du milieu sont d\u00e9favorables ; la diapause peut concerner toute phase du cycle de vie, et le cas \u00e9ch\u00e9ant se traduire par un arr\u00eat temporaire du d\u00e9veloppement<br \/>\n<em>\u00c9tymologiquement \u00ab\u00a0dia\u00a0\u00bb signifie \u00ab\u00a0s\u00e9paration, distinction\u00a0\u00bb, le terme diapause est une r\u00e9f\u00e9rence \u00e0 une pause s\u00e9parant deux p\u00e9riodes du cycle de vie<\/em><\/p>\n<p>&nbsp;<\/p>\n<p><span style=\"color: #999999;\">\u2022 <a name=\"diaphragme\"><\/a><strong>diaphragme<\/strong><\/span> (nom masculin ; pluriel : diaphragmes) : muscle maquant la limite entre thorax et abdomen, impliqu\u00e9 dans la ventilation (Vert\u00e9br\u00e9s t\u00e9trapodes) ;  voile obturant l&rsquo;ombrelle des m\u00e9duses (Cnidaires)<br \/>\n<em>(de diaphragma = cloison)<\/em><\/p>\n<p>&nbsp;<\/p>\n<p><span style=\"color: #999999;\">\u2022 <a name=\"diaphysaire\"><\/a><strong>diaphysaire<\/strong><\/span> (f\u00e9minin : diaphysaire ; pluriel : diaphysaires ; diaphysaires) : relatif \u00e0 la diaphyse<br \/>\n<em>diaphys- = diaphyse (de diaphusis = s\u00e9paration, interstice)<\/em><\/p>\n<p>&nbsp;<\/p>\n<p><span style=\"color: #999999;\">\u2022 <a name=\"diaphyse\"><\/a><strong>diaphyse<\/strong><\/span> (nom f\u00e9minin ; pluriel : diaphyses) : r\u00e9gion moyenne, cylindrique, d&rsquo;un os long, s\u00e9parant les deux extr\u00e9mit\u00e9s appel\u00e9es \u00e9piphyses ;  la diaphyse est \u00e9galement appel\u00e9e corps de l&rsquo;os (Vert\u00e9br\u00e9s)<br \/>\n<em>(de diaphusis = s\u00e9paration, interstice avec avec dia = en s\u00e9parant ; phusis = faire na\u00eetre, cro\u00eetre)<\/em><\/p>\n<p>&nbsp;<\/p>\n<p><span style=\"color: #999999;\">\u2022 <a name=\"diencephale\"><\/a><strong>dienc\u00e9phale<\/strong><\/span> (nom masculin ; pluriel : dienc\u00e9phales) : deuxi\u00e8me r\u00e9gion de l&rsquo;enc\u00e9phale le long de l&rsquo;axe ant\u00e9ropost\u00e9rieur, form\u00e9e de l&rsquo;\u00e9pithalamus et de l&rsquo;\u00e9piphyse dorsaux, du thalamus lat\u00e9ral et de l&rsquo;hypothalamus ventral, localis\u00e9e entre le t\u00e9lenc\u00e9phale et le m\u00e9senc\u00e9phale, d\u00e9riv\u00e9e de la premi\u00e8re v\u00e9sicule de l&rsquo;enc\u00e9phale embryonnaire appel\u00e9e proenc\u00e9phale ou prosenc\u00e9phale (Vert\u00e9br\u00e9s)<br \/>\n<em>di- = deux ;  enc\u00e9phale (de dis = deux ;  egkaphalos = qui est dans la t\u00eate)<\/em><\/p>\n<p>&nbsp;<\/p>\n<p><span style=\"color: #999999;\">\u2022 <a name=\"diffuser\"><\/a><strong>diffuser<\/strong><\/span> (verbe) : se r\u00e9pandre dans le respect du gradient de concentration, \u00e0 l&rsquo;\u00e9chelle de l&rsquo;organisme, de l&rsquo;organe, du tissu comme de la cellule<br \/>\n<em>(de diffundere = r\u00e9pandre)<\/em><\/p>\n<p>&nbsp;<\/p>\n<p><span style=\"color: #999999;\">\u2022 <a name=\"diffusion\"><\/a><strong>diffusion<\/strong><\/span> (nom f\u00e9minin ; pluriel : diffusions) : d\u00e9placement d&rsquo;une substance selon son gradient de concentration, \u00e0 l&rsquo;\u00e9chelle de l&rsquo;organisme, de l&rsquo;organe, du tissu comme de la cellule<br \/>\n<em>(de diffusio = r\u00e9pandre, s\u00e9parer)<\/em><\/p>\n<p>&nbsp;<\/p>\n<p><span style=\"color: #999999;\">\u2022 <a name=\"digerer\"><\/a><strong>dig\u00e9rer<\/strong><\/span> (verbe) : r\u00e9aliser une digestion<br \/>\n<em>(de digerere = distribuer)<\/em><\/p>\n<p>&nbsp;<\/p>\n<p><span style=\"color: #999999;\">\u2022 <a name=\"digestion\"><\/a> <strong>digestion<\/strong><\/span> (nom f\u00e9minin ; pluriel : digestions) : traitement de la nourriture ; r\u00e9duction de la taille des particules alimentaires ing\u00e9r\u00e9es (digestion m\u00e9canique) et simplification des mol\u00e9cules qui les constituent (digestion chimique)<br \/>\n<em>(de digestio = distribution de la nourriture dans le corps)<\/em><\/p>\n<p>&nbsp;<\/p>\n<p><span style=\"color: #999999;\">\u2022 <a name=\"digestif\"><\/a><strong>digestif<\/strong><\/span> (f\u00e9minin : digestive ; pluriel :  digestifs ; digestives) : relatif \u00e0 la digestion<br \/>\n<em>digest- = digestion (de digestio = distribution de la nourriture dans le corps)<\/em><\/p>\n<p>&nbsp;<\/p>\n<p><span style=\"color: #999999;\">\u2022 <a name=\"dimorphisme-sexuel\"><\/a><strong>dimorphisme sexuel<\/strong><\/span> : propri\u00e9t\u00e9 d\u2019une esp\u00e8ce repr\u00e9sent\u00e9e par des formes m\u00e2les et femelles distinctes, pr\u00e9sentant des diff\u00e9rences morphologiques appel\u00e9es caract\u00e8res sexuels secondaires<br \/>\n<em>di- = deux ; morph(o)- = forme (de dis = deux fois ; morphe = forme)<\/em><\/p>\n<p>&nbsp;<\/p>\n<p><span style=\"color: #999999;\">\u2022 <a name=\"diploblastique\"><\/a><strong>diploblastique<\/strong><\/span> (f\u00e9minin : diploblastique ; pluriel : diploblastiques ; diploblastiques) : qualifie un animal dont le plan d&rsquo;organisation est mis en place \u00e0 partir de deux feuillets embryonnaires, l&rsquo;ectoderme et l&rsquo;endoderme<br \/>\n<em>dipl(o)- = double ;  blast- = germe (de diploos = double ;  blastos = germe)<\/em><\/p>\n<p>&nbsp;<\/p>\n<p><span style=\"color: #999999;\">\u2022 <a name=\"diploide\"><\/a><strong>diplo\u00efde<\/strong><\/span> (f\u00e9minin : diplo\u00efde ; pluriel :  diplo\u00efdes ; diplo\u00efdes) : qualifie une cellule contenant deux exemplaires de chaque chromosome ou un organisme dont les cellules somatiques contiennent deux exemplaires de chaque chromosome<br \/>\n<em>diplo\u00efd- = diplo\u00efdie (de diploos = double ;  eidos = aspect)<\/em><\/p>\n<p>&nbsp;<\/p>\n<p><span style=\"color: #999999;\">\u2022 <a name=\"diploidie\"><\/a><strong>diplo\u00efdie<\/strong><\/span> (nom f\u00e9minin ; pluriel : diplo\u00efdies) : \u00e9tat d&rsquo;une cellule contenant deux exemplaires de chaque chromosome ou d&rsquo;un organisme dont les cellules somatiques contiennent deux exemplaires de chaque chromosome<br \/>\n<em>dipl(o)- = double ;  -(o)\u00efde = d&rsquo;aspect (de diploos = double ;  eidos = aspect)<\/em><\/p>\n<p>&nbsp;<\/p>\n<p><span style=\"color: #999999;\">\u2022 <a name=\"diptere\"><\/a><strong>Dipt\u00e8re<\/strong><\/span> (nom masculin ; pluriel : Dipt\u00e8res) : ordre d&rsquo;Insectes correspondant aux Mouches, Moustiques, Taons, Tipules etc., caract\u00e9ris\u00e9s notamment par une r\u00e9duction de la deuxi\u00e8me paire d&rsquo;ailes (transformation en balanciers ou halt\u00e8res), la premi\u00e8re paire d&rsquo;ailes \u00e9tant membraneuse, et un appareil buccal de type suceur, fr\u00e9quemment piqueur<br \/>\n<em>\u00c9tymologiquement \u00ab\u00a0di\u00a0\u00bb signifie \u00ab\u00a0deux\u00a0\u00bb et \u00ab\u00a0pteron\u00a0\u00bb signifie \u00ab\u00a0aile\u00a0\u00bb, le terme Dipt\u00e8re est une r\u00e9f\u00e9rence \u00e0 la possession de deux ailes seulement<\/em><\/p>\n<p>&nbsp;<\/p>\n<p><span style=\"color: #999999;\">\u2022 <a name=\"direct\"><\/a><strong>direct<\/strong><\/span> (f\u00e9minin : directe ; pluriel : directs ; directes) : qualifie un d\u00e9veloppement dans lequel l&rsquo;individu issu du d\u00e9veloppement embryonnaire est semblable \u00e0 l&rsquo;adulte en termes de morphologie, d&rsquo;anatomie, de milieu et de mode de vie ; le d\u00e9veloppement embryonnaire conduit \u00e0 un individu juv\u00e9nile<br \/>\n<em>(de directus = en ligne droite)<\/em><\/p>\n<p>&nbsp;<\/p>\n<p><span style=\"color: #999999;\">\u2022 <a name=\"dissepiment\"><\/a><strong>diss\u00e9piment<\/strong><\/span> (nom masculin ; pluriel :  diss\u00e9piments) : cloison transversale s\u00e9parant les m\u00e9tam\u00e8res, form\u00e9e par l&rsquo;association de la paroi post\u00e9rieure d&rsquo;un m\u00e9tam\u00e8re et la paroi ant\u00e9rieure du m\u00e9tam\u00e8re suivant (Ann\u00e9lides)<br \/>\n<em>(de dissepimentum = qui s\u00e9pare)<\/em><\/p>\n<p>&nbsp;<\/p>\n<p><span style=\"color: #999999;\">\u2022 <a name=\"distal\"><\/a><strong>distal<\/strong><\/span> (f\u00e9minin : distale ; pluriel : distaux ; distales) : qualifie la structure la plus \u00e9loign\u00e9e du point de r\u00e9f\u00e9rence<br \/>\n<em>(de distans = le plus \u00e9loign\u00e9)<\/em><\/p>\n<p>&nbsp;<\/p>\n<p><span style=\"color: #999999;\">\u2022 <a name=\"diurese\"><\/a><strong>diur\u00e8se<\/strong><\/span> (nom f\u00e9minin ; pluriel : diur\u00e8ses) : \u00e9limination d&rsquo;eau urinaire<br \/>\n<em>(de diouresis = diur\u00e8se)<\/em><\/p>\n<p>&nbsp;<\/p>\n<p><span style=\"color: #999999;\">\u2022 <a name=\"diverticule\"><\/a><strong>diverticule<\/strong><\/span> (nom masculin ; pluriel : diverticules) : expansion d&rsquo;une structure creuse r\u00e9sultant d&rsquo;une \u00e9vagination de sa paroi ; la lumi\u00e8re du diverticule est en continuit\u00e9 avec celle de la structure dont il est issu<br \/>\n<em>(de diverticulum = endroit \u00e9cart\u00e9)<\/em><\/p>\n<p>&nbsp;<\/p>\n<p><span style=\"color: #999999;\">\u2022 <a name=\"division\"><\/a><strong>division<\/strong><\/span> (nom f\u00e9minin ; pluriel : divisions) : processus permettant la formation de deux structures \u00e0 partir d&rsquo;une structure m\u00e8re (cellule, noyau)<br \/>\n<em>(de dividere = s\u00e9parer)<\/em><\/p>\n<p>&nbsp;<\/p>\n<p><span style=\"color: #999999;\">\u2022 <a name=\"docoglosse\"><\/a><strong>docoglosse<\/strong><\/span> (f\u00e9minin : docoglosse ; pluriel :  docoglosses ; docoglosses) : qualifie une radula aux dents peu nombreuses, lat\u00e9rales et marginales, la dent m\u00e9diane manquant<br \/>\n<em>doco- = poutre ;  glosse = langue, trompe (de dokos = poutre ; glossa = langue, trompe)<\/em><\/p>\n<p>&nbsp;<\/p>\n<p><span style=\"color: #999999;\">\u2022 <a name=\"dorsal\"><\/a><strong>dorsal<\/strong><\/span> (f\u00e9minin : dorsale ; pluriel : dorsaux ; dorsales) : relatif au dos ;  situ\u00e9 du c\u00f4t\u00e9 du dos<br \/>\n<em>(de dorsalis, de dorsum = dos)<\/em><\/p>\n<p>&nbsp;<\/p>\n<p><span style=\"color: #999999;\">\u2022 <a name=\"dorsalement\"><\/a><strong>dorsalement<\/strong><\/span> (adverbe) : en position dorsale<br \/>\n<em>dorsal- = dorsal (de dorsalis, de dorsum = dos)<\/em><\/p>\n<p>&nbsp;<\/p>\n<p><span style=\"color: #999999;\">\u2022 <a name=\"dorso-ventral\"><\/a><strong>dorso-ventral<\/strong><\/span> (f\u00e9minin : dorso-ventrale ; pluriel : dorso-ventraux ; dorso-ventrales) : qui est orient\u00e9 du dos vers le ventre<br \/>\n<em>dors(o)- = relatif au dos ;  ventral ( de dorsalis, de dorsum = dos ;  ventralis, de venter = ventre)<\/em><\/p>\n<p>&nbsp;<\/p>\n<p><span style=\"color: #999999;\">\u2022 <a name=\"dos\"><\/a><strong>dos<\/strong><\/span> (nom masculin ; pluriel : dos) : face du corps oppos\u00e9e au ventre, d\u00e9fini par la pr\u00e9sence de la bouche<br \/>\n<em>(de dorsum = dos)<\/em><\/p>\n<p>&nbsp;<\/p>\n<p><span style=\"color: #999999;\">\u2022 <a name=\"duodenal\"><\/a><strong>duod\u00e9nal<\/strong><\/span> (f\u00e9minin : duod\u00e9nale ; pluriel : duod\u00e9naux ; duod\u00e9nales) : relatif au duod\u00e9num<br \/>\n<em>duod\u00e9n- = duod\u00e9num (de duodenum digitorum = partie de l&rsquo;intestin longue de douze doigts)<\/em><\/p>\n<p>&nbsp;<\/p>\n<p><span style=\"color: #999999;\">\u2022 <a name=\"duodenum\"><\/a> <strong>duod\u00e9num<\/strong><\/span> (nom masculin ; pluriel : duod\u00e9nums) : r\u00e9gion de l&rsquo;intestin gr\u00eale faisant suite \u00e0 l&rsquo;estomac, recevant la bile et le suc pancr\u00e9atique (Vert\u00e9br\u00e9s)<br \/>\n<em>(de duodenum digitorum = partie de l&rsquo;intestin longue de douze doigts)<\/em><\/p>\n<p>&nbsp;<\/p>\n<p><span style=\"color: #999999;\">\u2022 <a name=\"duplication\"><\/a> <strong>duplication<\/strong><\/span> (nom f\u00e9minin ; pluriel :  duplications) : reproduction d&rsquo;une structure, aboutissement \u00e0 son doublement (chromosomes)<br \/>\n<em>(de duplicatio = double)<\/em><\/p>\n<p><\/html><\/p>\n","protected":false},"excerpt":{"rendered":"<p>\u2022 d\u00e9cidue (nom f\u00e9minin ; pluriel : d\u00e9cidues) : partie de la muqueuse ut\u00e9rine \u00e9limin\u00e9e lors de la parturition, avec le placenta (Mammif\u00e8res) (de decidua = qui tombe) &nbsp; \u2022 d\u00e9finitif (f\u00e9minin : d\u00e9finitive ; pluriel : d\u00e9finitifs ; d\u00e9finitives) : dont le traitement par l&rsquo;organisme est termin\u00e9, qui ne sera plus modifi\u00e9e (substance ou [&hellip;]<\/p>\n","protected":false},"author":2,"featured_media":0,"parent":26,"menu_order":4,"comment_status":"closed","ping_status":"closed","template":"","meta":{"site-sidebar-layout":"default","site-content-layout":"","ast-site-content-layout":"default","site-content-style":"default","site-sidebar-style":"default","ast-global-header-display":"","ast-banner-title-visibility":"","ast-main-header-display":"","ast-hfb-above-header-display":"","ast-hfb-below-header-display":"","ast-hfb-mobile-header-display":"","site-post-title":"","ast-breadcrumbs-content":"","ast-featured-img":"","footer-sml-layout":"","ast-disable-related-posts":"","theme-transparent-header-meta":"","adv-header-id-meta":"","stick-header-meta":"","header-above-stick-meta":"","header-main-stick-meta":"","header-below-stick-meta":"","astra-migrate-meta-layouts":"default","ast-page-background-enabled":"default","ast-page-background-meta":{"desktop":{"background-color":"var(--ast-global-color-4)","background-image":"","background-repeat":"repeat","background-position":"center center","background-size":"auto","background-attachment":"scroll","background-type":"","background-media":"","overlay-type":"","overlay-color":"","overlay-opacity":"","overlay-gradient":""},"tablet":{"background-color":"","background-image":"","background-repeat":"repeat","background-position":"center center","background-size":"auto","background-attachment":"scroll","background-type":"","background-media":"","overlay-type":"","overlay-color":"","overlay-opacity":"","overlay-gradient":""},"mobile":{"background-color":"","background-image":"","background-repeat":"repeat","background-position":"center center","background-size":"auto","background-attachment":"scroll","background-type":"","background-media":"","overlay-type":"","overlay-color":"","overlay-opacity":"","overlay-gradient":""}},"ast-content-background-meta":{"desktop":{"background-color":"var(--ast-global-color-5)","background-image":"","background-repeat":"repeat","background-position":"center center","background-size":"auto","background-attachment":"scroll","background-type":"","background-media":"","overlay-type":"","overlay-color":"","overlay-opacity":"","overlay-gradient":""},"tablet":{"background-color":"var(--ast-global-color-5)","background-image":"","background-repeat":"repeat","background-position":"center center","background-size":"auto","background-attachment":"scroll","background-type":"","background-media":"","overlay-type":"","overlay-color":"","overlay-opacity":"","overlay-gradient":""},"mobile":{"background-color":"var(--ast-global-color-5)","background-image":"","background-repeat":"repeat","background-position":"center center","background-size":"auto","background-attachment":"scroll","background-type":"","background-media":"","overlay-type":"","overlay-color":"","overlay-opacity":"","overlay-gradient":""}},"footnotes":""},"class_list":["post-12530","page","type-page","status-publish","hentry"],"aioseo_notices":[],"jetpack_sharing_enabled":true,"_links":{"self":[{"href":"https:\/\/codexvirtualis.fr\/codex\/wp-json\/wp\/v2\/pages\/12530","targetHints":{"allow":["GET"]}}],"collection":[{"href":"https:\/\/codexvirtualis.fr\/codex\/wp-json\/wp\/v2\/pages"}],"about":[{"href":"https:\/\/codexvirtualis.fr\/codex\/wp-json\/wp\/v2\/types\/page"}],"author":[{"embeddable":true,"href":"https:\/\/codexvirtualis.fr\/codex\/wp-json\/wp\/v2\/users\/2"}],"replies":[{"embeddable":true,"href":"https:\/\/codexvirtualis.fr\/codex\/wp-json\/wp\/v2\/comments?post=12530"}],"version-history":[{"count":2,"href":"https:\/\/codexvirtualis.fr\/codex\/wp-json\/wp\/v2\/pages\/12530\/revisions"}],"predecessor-version":[{"id":12532,"href":"https:\/\/codexvirtualis.fr\/codex\/wp-json\/wp\/v2\/pages\/12530\/revisions\/12532"}],"up":[{"embeddable":true,"href":"https:\/\/codexvirtualis.fr\/codex\/wp-json\/wp\/v2\/pages\/26"}],"wp:attachment":[{"href":"https:\/\/codexvirtualis.fr\/codex\/wp-json\/wp\/v2\/media?parent=12530"}],"curies":[{"name":"wp","href":"https:\/\/api.w.org\/{rel}","templated":true}]}}