{"id":12521,"date":"2020-03-21T15:08:22","date_gmt":"2020-03-21T14:08:22","guid":{"rendered":"https:\/\/codexvirtualis.fr\/codex\/?page_id=12521"},"modified":"2020-03-21T15:48:21","modified_gmt":"2020-03-21T14:48:21","slug":"glossaire-b","status":"publish","type":"page","link":"https:\/\/codexvirtualis.fr\/codex\/glossaire\/glossaire-b","title":{"rendered":"Glossaire : B"},"content":{"rendered":"<p><!DOCTYPE html><br \/>\n<html><\/p>\n<p><span style=\"color: #999999;\">&bull; <a name=\"bacterie\"><\/a><strong>bact\u00e9rie<\/strong><\/span> (nom f\u00e9minin ; pluriel : bact\u00e9ries) : organisme procaryote<br \/>\n<em>(de bakterion = b\u00e2tonnet)<\/em><\/p>\n<p>&nbsp;<\/p>\n<p><span style=\"color: #999999;\">&bull; <a name=\"bacterien\"><\/a><strong>bact\u00e9rien<\/strong><\/span> (f\u00e9minin : bact\u00e9rienne ; pluriel : bact\u00e9riens, bact\u00e9riennes) : relatif \u00e0 une bact\u00e9rie<br \/>\n<em>bact\u00e9r- = bact\u00e9rie (de bakterion = b\u00e2tonnet)<\/em><\/p>\n<p>&nbsp;<\/p>\n<p><span style=\"color: #999999;\">&bull; <a name=\"balancier\"><\/a><strong>balancier<\/strong><\/span> (nom masculin ; pluriel : balanciers) : organe en forme de massue, r\u00e9sultant de la transformation d\u2019une aile post\u00e9rieure port\u00e9e par le m\u00e9tathorax, impliqu\u00e9 dans l\u2019\u00e9quilibre de l\u2019Insecte en vol (Insectes dipt\u00e8res) ; synonyme halt\u00e8re<br \/>\n<em>(de bilancia = balancer)<\/em><\/p>\n<p>&nbsp;<\/p>\n<p><span style=\"color: #999999;\">&bull; <a name=\"basal\"><\/a><strong>basal<\/strong><\/span> (f\u00e9minin : basale ; pluriel : basaux, basales) : relatif \u00e0 la base<br \/>\n<em>bas- = base (de basis = marche)<\/em><\/p>\n<p>&nbsp;<\/p>\n<p><span style=\"color: #999999;\">&bull; <a name=\"base\"><\/a><strong>base<\/strong><\/span> (nom f\u00e9minin ; pluriel : bases) : partie sur laquelle le corps s&rsquo;appuie, g\u00e9n\u00e9ralement inf\u00e9rieure<br \/>\n<em>(de basis = marche)<\/em><\/p>\n<p>&nbsp;<\/p>\n<p><span style=\"color: #999999;\">&bull; <a name=\"basilaire\"><\/a><strong>basilaire<\/strong><\/span> (f\u00e9minin : basilaire ; pluriel : basilaires, basilaires) : qui sert de base<br \/>\n<em>bas- = base (de basis = marche)<\/em><\/p>\n<p>&nbsp;<\/p>\n<p><span style=\"color: #999999;\">&bull; <a name=\"bec\"><\/a><strong>bec<\/strong><\/span> (nom masculin ; pluriel : becs) : structure associ\u00e9e \u00e0 la bouche impliqu\u00e9e dans la prise de nourriture, form\u00e9e de deux expansions corn\u00e9es, sup\u00e9rieure et inf\u00e9rieure (Vert\u00e9br\u00e9s, Eumollusques c\u00e9phalopodes)<br \/>\n<em>(de beccus = bec)<\/em><\/p>\n<p>&nbsp;<\/p>\n<p><span style=\"color: #999999;\">&bull; <a name=\"bidirectionnel\"><\/a><strong>bidirectionnel<\/strong><\/span> (f\u00e9minin : bidirectionnelle ; pluriel : bidirectionnels, bidirectionnelles) : qualifie un flux circulant dans deux directions, g\u00e9n\u00e9ralement oppos\u00e9es<br \/>\n<em>bi- = deux ; direction- = direction (de bis = deux ; directio = direction)<\/em><\/p>\n<p>&nbsp;<\/p>\n<p><span style=\"color: #999999;\">&bull; <a name=\"bifide\"><\/a><strong>bifide<\/strong><\/span> (f\u00e9minin : bifide ; pluriel : bifides, bifides) : qui est partag\u00e9 en deux<br \/>\n<em>bi- = deux ; -fide = fendu (de bis = deux ; fidus = fendu)<\/em><\/p>\n<p>&nbsp;<\/p>\n<p><span style=\"color: #999999;\">&bull; <a name=\"bilateral\"><\/a><strong>bilat\u00e9ral<\/strong><\/span> (f\u00e9minin : bilat\u00e9rale ; pluriel : bilat\u00e9raux, bilat\u00e9rales) : qui poss\u00e8de deux c\u00f4t\u00e9s sym\u00e9triques ; la sym\u00e9trie bilat\u00e9rale est une organisation corporelle dans laquelle les structures droites et gauches sont sym\u00e9triques par rapport \u00e0 un plan<br \/>\n<em>bi- = deux ; lat\u00e9ral (de bis = deux ; lateris = c\u00f4t\u00e9, flanc)<\/em><\/p>\n<p>&nbsp;<\/p>\n<p><span style=\"color: #999999;\">&bull; <a name=\"bilaterien\"><\/a><strong>Bilat\u00e9rien<\/strong><\/span> (nom masculin ; pluriel : Bilat\u00e9riens) : d\u00e9signe un taxon d&rsquo;animaux caract\u00e9ris\u00e9 notamment par la possession d&rsquo;une sym\u00e9trie bilat\u00e9rale, le plan d&rsquo;organisation comportant deux parties qui sont l&rsquo;image l&rsquo;une de l&rsquo;autre dans un miroir ; il comporte les Protostomiens (Ann\u00e9lides, Eumollusques, Plathelminthes, Arthropodes, N\u00e9matodes) et les Deut\u00e9rostomiens (\u00c9chinodermes, Chord\u00e9s)<br \/>\n<em>bi- = deux ; lat\u00e9r- = lat\u00e9ral (de bis = deux ; lateris = c\u00f4t\u00e9, flanc)<\/em><\/p>\n<p>&nbsp;<\/p>\n<p><span style=\"color: #999999;\">&bull; <a name=\"bile\"><\/a><strong>bile<\/strong><\/span> (nom f\u00e9minin ; pluriel : biles) : s\u00e9cr\u00e9tion h\u00e9patique temporairement stock\u00e9e dans la v\u00e9sicule biliaire et d\u00e9vers\u00e9e dans l&rsquo;intestin gr\u00eale o\u00f9 elle permet l&rsquo;\u00e9mulsification des lipides alimentaires (Vert\u00e9br\u00e9s)<br \/>\n<em>(de bilis = bile)<\/em><\/p>\n<p>&nbsp;<\/p>\n<p><span style=\"color: #999999;\">&bull; <a name=\"biliaire\"><\/a><strong>biliaire<\/strong><\/span> (f\u00e9minin : biliaire ; pluriel : biliaires, biliaires) : relatif \u00e0 la bile<br \/>\n<em>bil- = bile (de bilis = bile)<\/em><\/p>\n<p>&nbsp;<\/p>\n<p><span style=\"color: #999999;\">&bull; <a name=\"bilobe\"><\/a><strong>bilob\u00e9<\/strong><\/span> (f\u00e9minin : bilob\u00e9e ; pluriel : bilob\u00e9s, bilob\u00e9es) : qui est form\u00e9 de deux lobes<br \/>\n<em>bi- = deux ; lob- = lobe (de bis = deux ; lobos = de forme arrondie)<\/em><\/p>\n<p>&nbsp;<\/p>\n<p><span style=\"color: #999999;\">\u2022 <a name=\"biodiversite\"><\/a><strong>biodiversit\u00e9<\/strong><\/span> (nom f\u00e9minin ; pluriel : biodiversit\u00e9s) : diversit\u00e9 biologique, exprim\u00e9e \u00e0 l&rsquo;\u00e9chelle des esp\u00e8ces, des g\u00e8nes, des \u00e9cosyst\u00e8mes<br \/>\n<em>bio- = vie ; diversit\u00e9 (de bios = vie)<\/em><\/p>\n<p>&nbsp;<\/p>\n<p><span style=\"color: #999999;\">\u2022 <a name=\"biologie\"><\/a><strong>biologie<\/strong><\/span> (nom f\u00e9minin ; pluriel : biologies) : science \u00e9tudiant les \u00eatres vivants et leur fonctionnement<br \/>\n<em>bio- = vie ; -logie = science (de bios = vie ; logos = discours)<\/em><\/p>\n<p>&nbsp;<\/p>\n<p><span style=\"color: #999999;\">&bull; <a name=\"biologique\"><\/a><strong>biologique<\/strong><\/span> (f\u00e9minin : biologique ; pluriel : biologiques, biologiques) : relatif \u00e0 la biologie<br \/>\n<em>biologi- = biologie (de bios = vie ; logos = discours)<\/em><\/p>\n<p>&nbsp;<\/p>\n<p><span style=\"color: #999999;\">\u2022 <a name=\"biosynthese\"><\/a><strong>biosynth\u00e8se<\/strong><\/span> (nom f\u00e9minin ; pluriel : biosynth\u00e8ses) : production d&rsquo;une mol\u00e9cule \u00e0 partir de compos\u00e9s simples, r\u00e9alis\u00e9e par un \u00eatre vivant<br \/>\n<em>bio- = vie ; synth\u00e8se (de bios = vie ; sunthesis = r\u00e9union, composition)<\/em><\/p>\n<p>&nbsp;<\/p>\n<p><span style=\"color: #999999;\">&bull; <a name=\"birame\"><\/a><strong>biram\u00e9<\/strong><\/span> (f\u00e9minin : biram\u00e9e ; pluriel : biram\u00e9s, biram\u00e9es) : qui est form\u00e9 de deux expansions plates, comme un appendice (Euarthropodes)<br \/>\n<em>bi- = deux ; ram- = rame (de bis = deux ; remus = rame)<\/em><\/p>\n<p>&nbsp;<\/p>\n<p><span style=\"color: #999999;\">&bull; <a name=\"bivalve\"><\/a><strong>Bivalve<\/strong><\/span> (nom masculin ; pluriel : Bivalves) : d\u00e9signe un taxon d&rsquo;animaux caract\u00e9ris\u00e9 notamment par la possession d&rsquo;une coquille form\u00e9e de deux valves, articul\u00e9es entre elles ; class\u00e9s dans les Eumollusques, les Bivalves comportent en particulier la Moule<br \/>\n<em>bi- = deux ; valve (de bis = deux ; valva = battant [de porte])<\/em><\/p>\n<p>&nbsp;<\/p>\n<p><span style=\"color: #999999;\">&bull; <a name=\"blastocoele\"><\/a><strong>blastoc\u0153le<\/strong><\/span> (nom masculin ; pluriel : blastoc\u0153les) : cavit\u00e9 embryonnaire pr\u00e9sente au stade blastula du d\u00e9veloppement ; blastoc\u0153le est \u00e9galement orthographi\u00e9 blastoc\u00e8le<br \/>\n<em>blasto- = germe ; -c\u0153le = creux, cavit\u00e9 (de blastos = germe ; koiloma = cavit\u00e9)<\/em><\/p>\n<p>&nbsp;<\/p>\n<p><span style=\"color: #999999;\">&bull; <a name=\"blastocyste\"><\/a><strong>blastocyste<\/strong><\/span> (nom masculin ; pluriel : blastocystes) : stade du d\u00e9veloppement auquel l&#8217;embryon s&rsquo;implante dans la muqueuse ut\u00e9rine (Mammif\u00e8res) ; le blastocyste est constitu\u00e9 d&rsquo;un bouton embryonnaire et d&rsquo;un trophoblaste p\u00e9riph\u00e9rique ainsi que d&rsquo;une cavit\u00e9, le blastoc\u0153le, il correspond \u00e0 une blastula<br \/>\n<em>blasto- = germe ; -cyste = v\u00e9sicule, capsule (de blastos = germe ; kustis = poche gonfl\u00e9e)<\/em><\/p>\n<p>&nbsp;<\/p>\n<p><span style=\"color: #999999;\">&bull; <a name=\"blastomere\"><\/a><strong>blastom\u00e8re<\/strong><\/span> (nom masculin ; pluriel : blastom\u00e8res) : cellule embryonnaire form\u00e9e au cours de l&rsquo;\u00e9tape du d\u00e9veloppement appel\u00e9e segmentation<br \/>\n<em>blasto- = germe ; -m\u00e8re = cellule issue de la division du zygote (de blastos = germe ; meros = partie)<\/em><\/p>\n<p>&nbsp;<\/p>\n<p><span style=\"color: #999999;\">&bull; <a name=\"blastopore\"><\/a><strong>blastopore<\/strong><\/span> (nom masculin ; pluriel : blastopores) : premier orifice du tube digestif embryonnaire form\u00e9 au cours du d\u00e9veloppement<br \/>\n<em>blasto- = germe ; pore = orifice (de blastos = germe ; poros = pore)<\/em><\/p>\n<p>&nbsp;<\/p>\n<p><span style=\"color: #999999;\">&bull; <a name=\"blastula\"><\/a><strong>blastula<\/strong><\/span> (nom f\u00e9minin ; pluriel : blastulas) : stade du d\u00e9veloppement embryonnaire constitu\u00e9 de plusieurs cellules, les blastom\u00e8res, et g\u00e9n\u00e9ralement creus\u00e9 d&rsquo;une cavit\u00e9, le blastoc\u0153le ; la blastula est issue de la segmentation et subit la gastrulation, qui la transforme en gastrula<br \/>\n<em>(de blastula = diminutif de blastos = germe)<\/em><\/p>\n<p>&nbsp;<\/p>\n<p><span style=\"color: #999999;\">&bull; <a name=\"bonnet\"><\/a><strong>bonnet<\/strong><\/span> (nom masculin ; pluriel : bonnets) : deuxi\u00e8me poche de la dilatation du tube digestif ant\u00e9rieur des ruminants, en forme de bonnet ; le bonnet est une partie de l&rsquo;\u0153sophage qui fait suite \u00e0 la panse et pr\u00e9c\u00e8de le feuillet<br \/>\n<em>(de boneta = bonnet)<\/em><\/p>\n<p>&nbsp;<\/p>\n<p><span style=\"color: #999999;\">&bull; <a name=\"botryoidal\"><\/a><strong>botryo\u00efdal<\/strong><\/span> (f\u00e9minin : botryo\u00efdale ; pluriel : botryo\u00efdaux, botryo\u00efdales) : qui est en forme de grappe<br \/>\n<em>botry(o)- = grappe ; -(o)\u00efde = d&rsquo;aspect (de botruos = grappe ; eidos = aspect)<\/em><\/p>\n<p>&nbsp;<\/p>\n<p><span style=\"color: #999999;\">&bull; <a name=\"bouche\"><\/a><strong>bouche<\/strong><\/span> (nom f\u00e9minin ; pluriel : bouches) : orifice ant\u00e9rieur du tube digestif<br \/>\n<em>(de bucca = bouche)<\/em><\/p>\n<p>&nbsp;<\/p>\n<p><span style=\"color: #999999;\">&bull; <a name=\"brachiocephalique\"><\/a><strong>brachioc\u00e9phalique<\/strong><\/span> (f\u00e9minin : brachioc\u00e9phalique ; pluriel : brachioc\u00e9phaliques, brachioc\u00e9phaliques) : relatif au bras et \u00e0 la t\u00eate<br \/>\n<em>brachi(o)- = bras ; c\u00e9phal- = t\u00eate (de brakhion = bras ;  kephale = t\u00eate)<\/em><\/p>\n<p>&nbsp;<\/p>\n<p><span style=\"color: #999999;\">&bull; <a name=\"brachyodonte\"><\/a><strong>brachyodonte<\/strong><\/span> (f\u00e9minin : brachyodonte ; pluriel : brachyodontes, brachyodontes) : dont la couronne est basse et la racine courte, \u00e0 croissance limit\u00e9e (dent)<br \/>\n<em>brach(y)- = court ; -odonte = dent (de brakhus = court ; odontos = dent)<\/em><\/p>\n<p>&nbsp;<\/p>\n<p><span style=\"color: #999999;\">&bull; <a name=\"brachyptere\"><\/a><strong>brachypt\u00e8re<\/strong><\/span> (f\u00e9minin : brachypt\u00e8re ; pluriel : brachypt\u00e8res, brachypt\u00e8res) : \u00e0 ailes sont courtes<br \/>\n<em>brach(y)- = court ; -pt\u00e8re = aile (de brakhus = court ; pteron = aile)<\/em><\/p>\n<p>&nbsp;<\/p>\n<p><span style=\"color: #999999;\">&bull; <a name=\"branchial\"><\/a><strong>branchial<\/strong><\/span> (f\u00e9minin : branchiale ; pluriel : branchiaux, branchiales) : relatif \u00e0 une branchie<br \/>\n<em>branchi(o)- = branchie (de branchia = branchie)<\/em><\/p>\n<p>&nbsp;<\/p>\n<p><span style=\"color: #999999;\">&bull; <a name=\"branchie\"><\/a><strong>branchie<\/strong><\/span> (nom f\u00e9minin ; pluriel : branchies) : organe d&rsquo;\u00e9change des gaz respiratoires pr\u00e9sent chez les animaux aquatiques et permettant le pr\u00e9l\u00e8vement de dioxyg\u00e8ne et le rejet de dioxyde de carbone dans l\u2019eau ; les branchies sont des \u00e9vaginations du t\u00e9gument ou de la paroi pharyngienne<br \/>\n<em>(de branchia = branchie)<\/em><\/p>\n<p>&nbsp;<\/p>\n<p><span style=\"color: #999999;\">&bull; <a name=\"branchie-tracheenne\"><\/a><strong>branchie trach\u00e9enne<\/strong><\/span> : fine excroissance dans laquelle courent de nombreuses trach\u00e9es, permettant le pr\u00e9l\u00e8vement de dioxyg\u00e8ne et le rejet de dioxyde de carbone dans l\u2019eau ; les trach\u00e9es acheminent les gaz respiratoires des branchies aux cellules et inversement<\/p>\n<p>&nbsp;<\/p>\n<p><span style=\"color: #999999;\">&bull; <a name=\"branchiopode\"><\/a><strong>Branchiopode<\/strong><\/span> (nom masculin ; pluriel : Branchiopodes) : d\u00e9signe un taxon caract\u00e9ris\u00e9 notamment par la possession d&rsquo;appendices aplatis impliqu\u00e9s dans les \u00e9changes gazeux respiratoires ; les Branchiopodes sont class\u00e9s au sein des Euarthropodes<br \/>\n<em>branchi(o)- = branchie ; -pode = pied, patte (de branchia = branchie ; podos = pied)<\/em><\/p>\n<p>&nbsp;<\/p>\n<p><span style=\"color: #999999;\">&bull; <a name=\"branchiostegite\"><\/a><strong>branchiost\u00e9gite<\/strong><\/span> (nom masculin ; pluriel : branchiost\u00e9gites) : expansion du t\u00e9gument recouvrant les branchies, et d\u00e9limitant une cavit\u00e9 branchiale avec la paroi lat\u00e9rale du corps (Malacostrac\u00e9s)<br \/>\n<em>branchi(o)- = branchie ; st\u00e9g- = toit, opercule (de branchia = branchie ; stegos = toit)<\/em><\/p>\n<p>&nbsp;<\/p>\n<p><span style=\"color: #999999;\">&bull; <a name=\"bronche\"><\/a><strong>bronche<\/strong><\/span> (nom f\u00e9minin ; pluriel : bronches) : conduit acheminant l&rsquo;air entre le milieu a\u00e9rien et le poumon, relevant des voies a\u00e9riennes de l&rsquo;appareil respiratoire (Vert\u00e9br\u00e9s)<br \/>\n<em>(de bronchia = bronche)<\/em><\/p>\n<p>&nbsp;<\/p>\n<p><span style=\"color: #999999;\">&bull; <a name=\"bronchiole\"><\/a><strong>bronchiole<\/strong><\/span> (nom f\u00e9minin ; pluriel : bronchioles) : conduit de petit diam\u00e8tre, issu de la ramification d&rsquo;une bronche, acheminant l&rsquo;air dans le poumon (Vert\u00e9br\u00e9s)<br \/>\n<em>bronch- = bronche ; -(i)ole = diminutif (de bronchia = bronche)<\/em><\/p>\n<p>&nbsp;<\/p>\n<p><span style=\"color: #999999;\">&bull; <a name=\"bronchique\"><\/a><strong>bronchique<\/strong><\/span> (f\u00e9minin : bronchique ; pluriel : bronchiques, bronchiques) : relatif \u00e0 une bronche<br \/>\n<em>bronch- = bronche (de bronchia = bronche)<\/em><\/p>\n<p>&nbsp;<\/p>\n<p><span style=\"color: #999999;\">&bull; <a name=\"bryozoaire\"><\/a><strong>Bryozoaire<\/strong><\/span> (nom masculin ; pluriel : Bryozoaires) : d\u00e9signe un taxon d&rsquo;animaux caract\u00e9ris\u00e9 notamment par la possession d&rsquo;une couronne de tentacules appel\u00e9e lophophore, \u00e0 l&rsquo;ext\u00e9rieur de laquelle s&rsquo;ouvre l&rsquo;anus ; les Bryozoaires sont marins et m\u00e8nent une vie fix\u00e9e et coloniale<br \/>\n<em>bryo- = mousse ; -zoaire = animalcule (de bruon = mousse ; zoon = animal)<\/em><\/p>\n<p>&nbsp;<\/p>\n<p><span style=\"color: #999999;\">&bull; <a name=\"buccal\"><\/a><strong>buccal<\/strong><\/span> (f\u00e9minin : buccale ; pluriel : buccaux, buccales) : relatif \u00e0 la bouche<br \/>\n<em>bucc- = bouche (de bucca = bouche)<\/em><\/p>\n<p>&nbsp;<\/p>\n<p><span style=\"color: #999999;\">&bull; <a name=\"buccopharynge\"><\/a><strong>buccopharyng\u00e9<\/strong><\/span> (f\u00e9minin : buccopharyng\u00e9e ; pluriel : buccopharyng\u00e9s, buccopharyng\u00e9es) : relatif \u00e0 la bouche et au pharynx<br \/>\n<em>bucc- = bouche ; pharyn- = pharynx (de bucca = bouche ; de pharuggos = gosier)<\/em><\/p>\n<p>&nbsp;<\/p>\n<p><span style=\"color: #999999;\">&bull; <a name=\"bulbe\"><\/a><strong>bulbe<\/strong><\/span> (nom masculin ; pluriel : bulbes) : structure renfl\u00e9e, globuleuse<br \/>\n<em>(de bulbus = bulbe)<\/em><\/p>\n<p>&nbsp;<\/p>\n<p><span style=\"color: #999999;\">&bull; <a name=\"bunodonte\"><\/a><strong>bunodonte<\/strong><\/span> (f\u00e9minin : bunodonte ; pluriel : bunodontes, bunodontes) : qui poss\u00e8de des tubercules arrondis et une couronne mamelonn\u00e9e (dent)<br \/>\n<em>bun- = protub\u00e9rance ; -odonte = dent (de bounos = colline ; odontos = dent)<\/em><\/p>\n<p>&nbsp;<\/p>\n<p><span style=\"color: #999999;\">&bull; <a name=\"byssogene\"><\/a><strong>byssog\u00e8ne<\/strong><\/span> (f\u00e9minin : byssog\u00e8ne ; pluriel : byssog\u00e8nes, byssog\u00e8nes) : qui \u00e9labore du byssus<br \/>\n<em>byss- = byssus ; g\u00e8ne = qui engendre (de bussos = fibre tr\u00e8s fine ; genos = naissance, origine)<\/em><\/p>\n<p>&nbsp;<\/p>\n<p><span style=\"color: #999999;\">&bull; <a name=\"byssus\"><\/a><strong>byssus<\/strong><\/span> (nom masculin ; pluriel : byssus) : filaments organis\u00e9s en faisceaux divergents, fix\u00e9s au substrat par l&rsquo;interm\u00e9diaire d&rsquo;une plaque arrondie et prenant naissance \u00e0 proximit\u00e9 du pied (Eumollusques bivalves)<br \/>\n<em>(de bussos = fibre tr\u00e8s fine)<\/em><\/p>\n<p><\/html><\/p>\n","protected":false},"excerpt":{"rendered":"<p>&bull; bact\u00e9rie (nom f\u00e9minin ; pluriel : bact\u00e9ries) : organisme procaryote (de bakterion = b\u00e2tonnet) &nbsp; &bull; bact\u00e9rien (f\u00e9minin : bact\u00e9rienne ; pluriel : bact\u00e9riens, bact\u00e9riennes) : relatif \u00e0 une bact\u00e9rie bact\u00e9r- = bact\u00e9rie (de bakterion = b\u00e2tonnet) &nbsp; &bull; balancier (nom masculin ; pluriel : balanciers) : organe en forme de massue, r\u00e9sultant de [&hellip;]<\/p>\n","protected":false},"author":2,"featured_media":0,"parent":26,"menu_order":2,"comment_status":"closed","ping_status":"closed","template":"","meta":{"site-sidebar-layout":"default","site-content-layout":"","ast-site-content-layout":"default","site-content-style":"default","site-sidebar-style":"default","ast-global-header-display":"","ast-banner-title-visibility":"","ast-main-header-display":"","ast-hfb-above-header-display":"","ast-hfb-below-header-display":"","ast-hfb-mobile-header-display":"","site-post-title":"","ast-breadcrumbs-content":"","ast-featured-img":"","footer-sml-layout":"","ast-disable-related-posts":"","theme-transparent-header-meta":"","adv-header-id-meta":"","stick-header-meta":"","header-above-stick-meta":"","header-main-stick-meta":"","header-below-stick-meta":"","astra-migrate-meta-layouts":"default","ast-page-background-enabled":"default","ast-page-background-meta":{"desktop":{"background-color":"var(--ast-global-color-4)","background-image":"","background-repeat":"repeat","background-position":"center center","background-size":"auto","background-attachment":"scroll","background-type":"","background-media":"","overlay-type":"","overlay-color":"","overlay-opacity":"","overlay-gradient":""},"tablet":{"background-color":"","background-image":"","background-repeat":"repeat","background-position":"center center","background-size":"auto","background-attachment":"scroll","background-type":"","background-media":"","overlay-type":"","overlay-color":"","overlay-opacity":"","overlay-gradient":""},"mobile":{"background-color":"","background-image":"","background-repeat":"repeat","background-position":"center center","background-size":"auto","background-attachment":"scroll","background-type":"","background-media":"","overlay-type":"","overlay-color":"","overlay-opacity":"","overlay-gradient":""}},"ast-content-background-meta":{"desktop":{"background-color":"var(--ast-global-color-5)","background-image":"","background-repeat":"repeat","background-position":"center center","background-size":"auto","background-attachment":"scroll","background-type":"","background-media":"","overlay-type":"","overlay-color":"","overlay-opacity":"","overlay-gradient":""},"tablet":{"background-color":"var(--ast-global-color-5)","background-image":"","background-repeat":"repeat","background-position":"center center","background-size":"auto","background-attachment":"scroll","background-type":"","background-media":"","overlay-type":"","overlay-color":"","overlay-opacity":"","overlay-gradient":""},"mobile":{"background-color":"var(--ast-global-color-5)","background-image":"","background-repeat":"repeat","background-position":"center center","background-size":"auto","background-attachment":"scroll","background-type":"","background-media":"","overlay-type":"","overlay-color":"","overlay-opacity":"","overlay-gradient":""}},"footnotes":""},"class_list":["post-12521","page","type-page","status-publish","hentry"],"aioseo_notices":[],"jetpack_sharing_enabled":true,"_links":{"self":[{"href":"https:\/\/codexvirtualis.fr\/codex\/wp-json\/wp\/v2\/pages\/12521","targetHints":{"allow":["GET"]}}],"collection":[{"href":"https:\/\/codexvirtualis.fr\/codex\/wp-json\/wp\/v2\/pages"}],"about":[{"href":"https:\/\/codexvirtualis.fr\/codex\/wp-json\/wp\/v2\/types\/page"}],"author":[{"embeddable":true,"href":"https:\/\/codexvirtualis.fr\/codex\/wp-json\/wp\/v2\/users\/2"}],"replies":[{"embeddable":true,"href":"https:\/\/codexvirtualis.fr\/codex\/wp-json\/wp\/v2\/comments?post=12521"}],"version-history":[{"count":2,"href":"https:\/\/codexvirtualis.fr\/codex\/wp-json\/wp\/v2\/pages\/12521\/revisions"}],"predecessor-version":[{"id":12523,"href":"https:\/\/codexvirtualis.fr\/codex\/wp-json\/wp\/v2\/pages\/12521\/revisions\/12523"}],"up":[{"embeddable":true,"href":"https:\/\/codexvirtualis.fr\/codex\/wp-json\/wp\/v2\/pages\/26"}],"wp:attachment":[{"href":"https:\/\/codexvirtualis.fr\/codex\/wp-json\/wp\/v2\/media?parent=12521"}],"curies":[{"name":"wp","href":"https:\/\/api.w.org\/{rel}","templated":true}]}}