{"id":1237,"date":"2011-04-06T10:27:50","date_gmt":"2011-04-06T08:27:50","guid":{"rendered":"http:\/\/codexvirtualis.fr\/codex\/?page_id=1237"},"modified":"2016-06-18T17:51:20","modified_gmt":"2016-06-18T15:51:20","slug":"le-nymphon-gracile","status":"publish","type":"page","link":"https:\/\/codexvirtualis.fr\/codex\/cabinet-de-curiosites-virtuel\/des-animaux-meconnus\/le-nymphon-gracile","title":{"rendered":"Le Nymphon gracile"},"content":{"rendered":"<p>&nbsp;<\/p>\n<h2>Un curieux animal des c\u00f4tes rocheuses<\/h2>\n<p>&nbsp;<\/p>\n<figure style=\"width: 300px\" class=\"wp-caption alignnone\"><a rel=\"lightbox\" href=\"\/documents\/images\/Nymphon_gracile\/nymphon_gracile05-09-WEB.jpg\" target=\"_blank\"><img loading=\"lazy\" decoding=\"async\" class=\" \" title=\"Nymphon gracile\" src=\"\/documents\/images\/Nymphon_gracile\/nymphon_gracile05-09-WEB.jpg\" alt=\"Nymphon gracile\" width=\"300\" height=\"225\" \/><\/a><figcaption class=\"wp-caption-text\">Nymphon gracile dans son environnement (Roscoff, 2009)<\/figcaption><\/figure>\n<p>&nbsp;<\/p>\n<p>Cach\u00e9 parmi les algues ou sous les rochers, se d\u00e9pla\u00e7ant lentement, cet \u00e9trange animal a de quoi surprendre !<\/p>\n<h2>Plan d&rsquo;organisation<\/h2>\n<h3>\u00c0 quoi ressemble t&rsquo;il ?<\/h3>\n<p>&nbsp;<\/p>\n<figure style=\"width: 300px\" class=\"wp-caption alignnone\"><a rel=\"lightbox\" href=\"\/documents\/images\/Nymphon_gracile\/Nymphon_gracile07_10-WEB.jpg\" target=\"-blank\"><img loading=\"lazy\" decoding=\"async\" class=\" \" title=\"Nymphon gracile\" src=\"\/documents\/images\/Nymphon_gracile\/Nymphon_gracile07_10-WEB.jpg\" alt=\"Nymphon gracile\" width=\"300\" height=\"201\" \/><\/a><figcaption class=\"wp-caption-text\">Morphologie du Nymphon gracile (Roscoff, 2010 - N. Prunet)<\/figcaption><\/figure>\n<p>Le Nymphon gracile (<em>Nymphon gracile<\/em>) mesure 1 \u00e0 2 cm et semble surtout form\u00e9 de huit fines pattes. Une observation attentive montre qu&rsquo;il est en fait constitu\u00e9 d&rsquo;un corps gr\u00eale, compos\u00e9 de trois r\u00e9gions : un c\u00e9phalon \u00e0 l&rsquo;avant, un tronc m\u00e9dian portant les quatre paires de pattes et un abdomen tr\u00e8s r\u00e9duit \u00e0 l&rsquo;arri\u00e8re.<\/p>\n<figure style=\"width: 300px\" class=\"wp-caption alignnone\"><a rel=\"lightbox\" href=\"\/documents\/images\/Nymphon_gracile\/Nymphon_gracile05_10-WEB.jpg\" target=\"-blank\"><img loading=\"lazy\" decoding=\"async\" class=\" \" title=\"Nymphon gracile\" src=\"\/documents\/images\/Nymphon_gracile\/Nymphon_gracile05_10-WEB.jpg\" alt=\"Nymphon gracile\" width=\"300\" height=\"201\" \/><\/a><figcaption class=\"wp-caption-text\">Morphologie du Nymphon gracile (Roscoff, 2010 - N. Prunet)<\/figcaption><\/figure>\n<p>Le c\u00e9phalon est prolong\u00e9 par une trompe caract\u00e9ristique, \u00e0 l&rsquo;extr\u00e9mit\u00e9 de laquelle s&rsquo;ouvre la bouche. Ventralement, il pr\u00e9sente trois paires d&rsquo;appendices : des <a href=\"\/codex\/glossaire\/glossaire-de-a-a-c#chelicere\" target=\"_blank\">ch\u00e9lic\u00e8res<\/a>, des palpes et des ovig\u00e8res. Chez la femelle, les ovig\u00e8res sont impliqu\u00e9s dans le transfert des \u0153ufs au m\u00e2le et chez ce dernier, dans le transport des \u0153ufs.<\/p>\n<figure style=\"width: 300px\" class=\"wp-caption alignnone\"><a rel=\"lightbox\" href=\"\/documents\/images\/Nymphon_gracile\/Nymphon_gracile02_10-WEB.jpg\" target=\"_blank\"><img loading=\"lazy\" decoding=\"async\" class=\" \" title=\"Nymphon gracile\" src=\"\/documents\/images\/Nymphon_gracile\/Nymphon_gracile02_10-WEB.jpg\" alt=\"Nymphon gracile\" width=\"300\" height=\"179\" \/><\/a><figcaption class=\"wp-caption-text\">C\u00e9phalon et yeux du Nymphon gracile (Roscoff, 2010 - N. Prunet)<\/figcaption><\/figure>\n<p>Le c\u00e9phalon est reli\u00e9 au tronc par un court cou, qui porte un tubercule oculaire muni de quatre yeux (dor\u00e9s sur l&rsquo;image ci-dessus) gr\u00e2ce auxquels le champ de vision du Nymphon atteint les 360\u00b0.<\/p>\n<figure style=\"width: 300px\" class=\"wp-caption alignnone\"><a rel=\"lightbox\" href=\"\/documents\/images\/Nymphon_gracile\/Nymphon_gracile06_10-WEB.jpg\" target=\"-blank\"><img loading=\"lazy\" decoding=\"async\" class=\" \" title=\"Nymphon gracile\" src=\"\/documents\/images\/Nymphon_gracile\/Nymphon_gracile06_10-WEB.jpg\" alt=\"Nymphon gracile\" width=\"300\" height=\"201\" \/><\/a><figcaption class=\"wp-caption-text\">Morphologie du Nymphon gracile (Roscoff, 2010 - N. Prunet)<\/figcaption><\/figure>\n<p>Le tronc est form\u00e9 de segments marqu\u00e9s et relativement longs. Chacun d\u00e9veloppe lat\u00e9ralement une paire de prolongements au niveau desquels sont ins\u00e9r\u00e9es les pattes articul\u00e9es. Chez le Nymphon, comme chez la plupart des repr\u00e9sentants de son groupe, le nombre de segments corporels et de paires d&rsquo;appendices est de 4 ; il peut cependant \u00eatre de 5 voire de 6 dans certains <a href=\"\/codex\/glossaire\/glossaire-de-d-a-h#genre\" target=\"_blank\">genres<\/a> ou <a href=\"\/codex\/glossaire\/glossaire-de-d-a-h#famille\" target=\"_blank\">familles<\/a>.<\/p>\n<figure style=\"width: 300px\" class=\"wp-caption alignnone\"><a rel=\"lightbox\" href=\"\/documents\/images\/Nymphon_gracile\/Nymphon_gracile03_10-WEB.jpg\" target=\"-blank\"><img loading=\"lazy\" decoding=\"async\" class=\" \" title=\"Nymphon gracile\" src=\"\/documents\/images\/Nymphon_gracile\/Nymphon_gracile03_10-WEB.jpg\" alt=\"Nymphon gracile\" width=\"300\" height=\"201\" \/><\/a><figcaption class=\"wp-caption-text\">Appendices du Nymphon gracile (Roscoff, 2010 - N. Prunet)<\/figcaption><\/figure>\n<p>Les appendices du tronc sont form\u00e9s de 8 parties et se terminent par des griffes. Ils ont une vocation locomotrice, ce sont des pattes ambulatoires.<\/p>\n<p>&nbsp;<\/p>\n<p><em>Les ch\u00e9lic\u00e8res, palpes, ovig\u00e8res et pattes sont des exemples d&rsquo;appendices. Ces structures sont des expansions paires, associ\u00e9es aux segments corporels. Dans le cas des Arthropodes, elles sont typiquement articul\u00e9es, \u00e9tant recouvertes de cuticule. Le terme Arthropode est une r\u00e9f\u00e9rence \u00e0 cette caract\u00e9ristique (\u00e9tymologiquement, \u00ab\u00a0arthron\u00a0\u00bb d\u00e9signe une articulation et \u00ab\u00a0podos\u00a0\u00bb signifie \u00ab\u00a0patte\u00a0\u00bb).<\/em><\/p>\n<figure style=\"width: 300px\" class=\"wp-caption alignnone\"><a rel=\"lightbox\" href=\"\/documents\/images\/Nymphon_gracile\/pycnogonide_morphologie_02-WEB.jpg\" target=\"-blank\"><img loading=\"lazy\" decoding=\"async\" class=\" \" title=\"Pycnogonide\" src=\"\/documents\/images\/Nymphon_gracile\/pycnogonide_morphologie_02-WEB.jpg\" alt=\"Pycnogonide\" width=\"300\" height=\"283\" \/><\/a><figcaption class=\"wp-caption-text\">Morphologie des Pycnogonides (d'apr\u00e8s Brusca R.C., Brusca R.J.)<\/figcaption><\/figure>\n<p>L&rsquo;aspect \u00e9trange de ces animaux est surtout d\u00fb \u00e0 la disproportion entre la longueur des pattes, tr\u00e8s importante, et celle du corps, limit\u00e9e. Le nom du groupe auquel appartient le Nymphon y fait r\u00e9f\u00e9rence : le terme <a href=\"\/codex\/glossaire\/glossaire-de-p-a-s#pantopode\" target=\"_blank\">Pantopodes<\/a> signifie en effet \u00ab\u00a0tout en pattes\u00a0\u00bb (\u00e9tymologiquement \u00ab\u00a0pan\u00a0\u00bb signifie \u00ab\u00a0tout\u00a0\u00bb et \u00ab\u00a0podos\u00a0\u00bb signifie \u00ab\u00a0patte\u00a0\u00bb).<\/p>\n<p>Les Pantopodes sont inclus dans un groupe dont le nom est aussi en relation avec les caract\u00e9ristiques des pattes. Il refl\u00e8te cette fois leur forme : les articulations sont nombreuses et puissantes. Le terme <a href=\"\/codex\/glossaire\/glossaire-de-p-a-s#pycnogonide\" target=\"_blank\">Pycnogonides<\/a> s&rsquo;y r\u00e9f\u00e8re, \u00e9tymologiquement \u00ab\u00a0pycno\u00a0\u00bb signifiant \u00ab\u00a0\u00e9pais, fort\u00a0\u00bb et \u00ab\u00a0gonum\u00a0\u00bb signifiant \u00ab\u00a0articulation, genou\u00a0\u00bb.<\/p>\n<p>&nbsp;<\/p>\n<p>Enfin, le corps comprend un abdomen terminal, r\u00e9duit, et portant l&rsquo;anus \u00e0 son extr\u00e9mit\u00e9.<\/p>\n<h2>\u00c9l\u00e9ments de biologie<\/h2>\n<h3>O\u00f9 et comment vit-il ?<\/h3>\n<p>Les Pycnogonides sont exclusivement marins, de nombreuses esp\u00e8ces sont littorales.<\/p>\n<p>Le Nymphon gracile \u00e9volue dans la zone de balancement des mar\u00e9es. Il se d\u00e9place en marchant sur un support mais peut \u00e9galement nager entre deux eaux.<\/p>\n<p>Il est carnivore et se nourrit principalement d&rsquo;<a href=\"http:\/\/codexvirtualis.fr\/codex\/glossaire\/glossaire-de-d-a-h#hydraire\">Hydraires<\/a>, petits animaux coloniaux, qu&rsquo;il pr\u00e9l\u00e8ve et am\u00e8ne \u00e0 sa bouche \u00e0 l&rsquo;aide de ses ch\u00e9lic\u00e8res. La trompe peut contribuer \u00e0 aspirer les proies. Le court \u0153sophage qui lui succ\u00e8de s&rsquo;ouvre dans un intestin tr\u00e8s d\u00e9velopp\u00e9 : il forme des expansions dans chacune des pattes ambulatoires, au niveau desquelles se d\u00e9roulent la digestion et l&rsquo;absorption des substances nutritives. Les substances non dig\u00e9r\u00e9es sont \u00e9vacu\u00e9es par l&rsquo;anus.<\/p>\n<figure style=\"width: 300px\" class=\"wp-caption alignnone\"><a rel=\"lightbox\" href=\"\/documents\/images\/Nymphon_gracile\/Dynamena_pumila01_11-WEB.jpg\" target=\"_blank\"><img decoding=\"async\" class=\" \" title=\"Colonie d'Hydraires\" src=\"\/documents\/images\/Nymphon_gracile\/Dynamena_pumila01_11-WEB.jpg\" alt=\"Colonie d'Hydraires\" width=\"300\" \/><\/a><figcaption class=\"wp-caption-text\">Un exemple de colonie d&#39;Hydraires (Dynamena pumila - Roscoff, 2011)<\/figcaption><\/figure>\n<p><em>La trompe est \u00e9galement appel\u00e9e proboscis. Elle contient le pharynx, premi\u00e8re portion du tube digestif, impliqu\u00e9 dans l&rsquo;aspiration des proies et \u00e9galement dans leur dilac\u00e9ration gr\u00e2ce aux plaques de chitine, dures, qu&rsquo;il porte.<br \/>\nLa digestion est le fait de l&rsquo;intestin ; essentiellement intracellulaire, elle est r\u00e9alis\u00e9e par des cellules phagocytaires qui transf\u00e8rent les nutriments aux cellules sous-jacentes. Certaines se d\u00e9tachent de la paroi intestinale, circulent dans la lumi\u00e8re, phagocytent des particules nutritives puis r\u00e9-int\u00e8grent la  paroi digestive. Elles pourraient \u00eatre impliqu\u00e9es dans l&rsquo;excr\u00e9tion, absorbant et accumulant des d\u00e9chets avant de se d\u00e9tacher puis d&rsquo;\u00eatre \u00e9limin\u00e9es par l&rsquo;anus.<\/em><\/p>\n<p>&nbsp;<\/p>\n<p>&nbsp;<\/p>\n<p>Cet animal original ne poss\u00e8de ni appareil respiratoire, ni appareil excr\u00e9teur sp\u00e9cialis\u00e9s. Les \u00e9changes de gaz respiratoires et l&rsquo;\u00e9limination des d\u00e9chets sont sans doute r\u00e9alis\u00e9s directement \u00e0 travers la surface corporelle. En revanche, un appareil circulatoire est observ\u00e9, repr\u00e9sent\u00e9 par un c\u0153ur dorsal perc\u00e9 d&rsquo;orifices, qui assure la mise en mouvement du liquide corporel.<\/p>\n<p>Chez le Nymphon gracile, comme chez les autres Pycnogonides, les sexes sont s\u00e9par\u00e9s. Femelles et m\u00e2les se distinguent par le d\u00e9veloppement des ovig\u00e8res, plus important chez le m\u00e2le.<\/p>\n<p>&nbsp;<\/p>\n<p>La femelle produit des gam\u00e8tes qu&rsquo;elle accumule dans ses pattes ambulatoires. Elle expulse ces ovules par des orifices situ\u00e9s \u00e0 leur base et le m\u00e2le les f\u00e9conde au fur et \u00e0 mesure de leur lib\u00e9ration.<\/p>\n<p>Le m\u00e2le r\u00e9cup\u00e8re alors les \u0153ufs et les fixe sur ses ovig\u00e8res, les enduisant d&rsquo;une s\u00e9cr\u00e9tion adh\u00e9sive produite par des glandes situ\u00e9es sur ses pattes ambulatoires. Selon les esp\u00e8ces, il les porte jusqu&rsquo;\u00e0 leur \u00e9closion, voire au-del\u00e0. L&rsquo;\u00e9closion lib\u00e8re dans de nombreux cas une larve vivant en parasite sur des colonies d&rsquo;Hydraires. Apr\u00e8s plusieurs mues, la larve devient un juv\u00e9nile.<\/p>\n<figure style=\"width: 300px\" class=\"wp-caption alignnone\"><a rel=\"lightbox\" href=\"\/documents\/images\/Nymphon_gracile\/DSCN3635nymphon_male_oeufs_2005-WEB.jpg\" target=\"_blank\"><img decoding=\"async\" class=\" \" title=\"Nymphon gracile m\u00e2le\" src=\"\/documents\/images\/Nymphon_gracile\/DSCN3635nymphon_male_oeufs_2005-WEB.jpg\" alt=\"Nymphon gracile m\u00e2le\" width=\"300\" \/><\/a><figcaption class=\"wp-caption-text\">Nymphon gracile m\u00e2le portant des \u0153ufs (Roscoff, 2005)<\/figcaption><\/figure>\n<p>Chez les Pycnogonides, il ne faut pas se tromper : observer un individu portant des \u0153ufs revient \u00e0 observer un m\u00e2le !<\/p>\n<p>&nbsp;<\/p>\n<p>Chez ces animaux, l&rsquo;<a href=\"\/codex\/glossaire\/glossaire-de-a-a-c#autotomie\">autotomie<\/a> est fr\u00e9quente, et le pouvoir de r\u00e9g\u00e9n\u00e9ration important.<\/p>\n<p>&nbsp;<\/p>\n<h2>Pour en savoir plus sur les Pycnogonides<\/h2>\n<p><span style=\"color: #999999;\">\u2022<\/span> consultez les ouvrages<\/p>\n<p style=\"padding-left: 30px;\"><span style=\"color: #999999;\">\u2022<\/span> Beaumont A., Cassier P., 1983 &#8211; Biologie animale, des Protozoaires aux M\u00e9tazoaires \u00e9pith\u00e9lioneuriens. Tome 2. Dunod, 979p. Paris<\/p>\n<p style=\"padding-left: 30px;\"><span style=\"color: #999999;\">\u2022<\/span> Brusca R.C., Brusca G.J., 2002 &#8211; Invertebrates. Sinauer associates, 936p., Sunderland (USA)<\/p>\n<p style=\"padding-left: 30px;\"><span style=\"color: #999999;\">\u2022<\/span> Grass\u00e9 P.P. (sous la direction de), 1949 &#8211; Trait\u00e9 de zoologie. Tome VI. Onychophores, Tardigrades, Arthropodes, Trilobitomorphes, Ch\u00e9lic\u00e9rates. Masson, 979p. Paris<\/p>\n<p>&nbsp;<\/p>\n<p><span style=\"color: #999999;\">\u2022<\/span> consultez le site<\/p>\n<p style=\"padding-left: 30px;\"><a href=\"http:\/\/www.marinespecies.org\/pycnobase\" target=\"_blank\">PycnoBase<\/a> (adresse http:\/\/www.marinespecies.org\/pycnobase)<\/p>\n<p>&nbsp;<\/p>\n","protected":false},"excerpt":{"rendered":"<p>&nbsp; Un curieux animal des c\u00f4tes rocheuses &nbsp; &nbsp; Cach\u00e9 parmi les algues ou sous les rochers, se d\u00e9pla\u00e7ant lentement, cet \u00e9trange animal a de quoi surprendre ! Plan d&rsquo;organisation \u00c0 quoi ressemble t&rsquo;il ? &nbsp; Le Nymphon gracile (Nymphon gracile) mesure 1 \u00e0 2 cm et semble surtout form\u00e9 de huit fines pattes. Une [&hellip;]<\/p>\n","protected":false},"author":2,"featured_media":0,"parent":1740,"menu_order":2,"comment_status":"closed","ping_status":"closed","template":"","meta":{"site-sidebar-layout":"default","site-content-layout":"","ast-site-content-layout":"default","site-content-style":"default","site-sidebar-style":"default","ast-global-header-display":"","ast-banner-title-visibility":"","ast-main-header-display":"","ast-hfb-above-header-display":"","ast-hfb-below-header-display":"","ast-hfb-mobile-header-display":"","site-post-title":"","ast-breadcrumbs-content":"","ast-featured-img":"","footer-sml-layout":"","ast-disable-related-posts":"","theme-transparent-header-meta":"","adv-header-id-meta":"","stick-header-meta":"","header-above-stick-meta":"","header-main-stick-meta":"","header-below-stick-meta":"","astra-migrate-meta-layouts":"default","ast-page-background-enabled":"default","ast-page-background-meta":{"desktop":{"background-color":"var(--ast-global-color-4)","background-image":"","background-repeat":"repeat","background-position":"center center","background-size":"auto","background-attachment":"scroll","background-type":"","background-media":"","overlay-type":"","overlay-color":"","overlay-opacity":"","overlay-gradient":""},"tablet":{"background-color":"","background-image":"","background-repeat":"repeat","background-position":"center center","background-size":"auto","background-attachment":"scroll","background-type":"","background-media":"","overlay-type":"","overlay-color":"","overlay-opacity":"","overlay-gradient":""},"mobile":{"background-color":"","background-image":"","background-repeat":"repeat","background-position":"center center","background-size":"auto","background-attachment":"scroll","background-type":"","background-media":"","overlay-type":"","overlay-color":"","overlay-opacity":"","overlay-gradient":""}},"ast-content-background-meta":{"desktop":{"background-color":"var(--ast-global-color-5)","background-image":"","background-repeat":"repeat","background-position":"center center","background-size":"auto","background-attachment":"scroll","background-type":"","background-media":"","overlay-type":"","overlay-color":"","overlay-opacity":"","overlay-gradient":""},"tablet":{"background-color":"var(--ast-global-color-5)","background-image":"","background-repeat":"repeat","background-position":"center center","background-size":"auto","background-attachment":"scroll","background-type":"","background-media":"","overlay-type":"","overlay-color":"","overlay-opacity":"","overlay-gradient":""},"mobile":{"background-color":"var(--ast-global-color-5)","background-image":"","background-repeat":"repeat","background-position":"center center","background-size":"auto","background-attachment":"scroll","background-type":"","background-media":"","overlay-type":"","overlay-color":"","overlay-opacity":"","overlay-gradient":""}},"footnotes":""},"class_list":["post-1237","page","type-page","status-publish","hentry"],"aioseo_notices":[],"jetpack_sharing_enabled":true,"_links":{"self":[{"href":"https:\/\/codexvirtualis.fr\/codex\/wp-json\/wp\/v2\/pages\/1237","targetHints":{"allow":["GET"]}}],"collection":[{"href":"https:\/\/codexvirtualis.fr\/codex\/wp-json\/wp\/v2\/pages"}],"about":[{"href":"https:\/\/codexvirtualis.fr\/codex\/wp-json\/wp\/v2\/types\/page"}],"author":[{"embeddable":true,"href":"https:\/\/codexvirtualis.fr\/codex\/wp-json\/wp\/v2\/users\/2"}],"replies":[{"embeddable":true,"href":"https:\/\/codexvirtualis.fr\/codex\/wp-json\/wp\/v2\/comments?post=1237"}],"version-history":[{"count":67,"href":"https:\/\/codexvirtualis.fr\/codex\/wp-json\/wp\/v2\/pages\/1237\/revisions"}],"predecessor-version":[{"id":8782,"href":"https:\/\/codexvirtualis.fr\/codex\/wp-json\/wp\/v2\/pages\/1237\/revisions\/8782"}],"up":[{"embeddable":true,"href":"https:\/\/codexvirtualis.fr\/codex\/wp-json\/wp\/v2\/pages\/1740"}],"wp:attachment":[{"href":"https:\/\/codexvirtualis.fr\/codex\/wp-json\/wp\/v2\/media?parent=1237"}],"curies":[{"name":"wp","href":"https:\/\/api.w.org\/{rel}","templated":true}]}}