{"id":104,"date":"2011-02-01T15:07:57","date_gmt":"2011-02-01T15:07:57","guid":{"rendered":"http:\/\/codexvirtualis.fr\/codex"},"modified":"2011-06-18T14:44:08","modified_gmt":"2011-06-18T12:44:08","slug":"biodiversite-des-villes","status":"publish","type":"page","link":"https:\/\/codexvirtualis.fr\/codex\/de-la-biodiversite\/la-biodiversite-urbaine\/biodiversite-des-villes","title":{"rendered":"Biodiversit\u00e9 des villes"},"content":{"rendered":"<p> &nbsp; <\/p>\n<p> Acc\u00e9der au site\u00a0 de <a title=\"Site du magazine La Recherche\" href=\"http:\/\/www.larecherche.fr\/\" target=\"_blank\">La Recherche<\/a> (adresse : http:\/\/www.larecherche.fr\/)<\/p>\n<p> &nbsp; <\/p>\n<p>Le Cahier sp\u00e9cial n\u00b0422 du magazine La Recherche de septembre 2008 traite de l&rsquo;\u00e9volution de la fa\u00e7on dont est per\u00e7ue la ville, du point de vue de la biodiversit\u00e9.<\/p>\n<p><a href=\"\/documents\/telechargement\/biodiversite-urbaine\/quelle-biodiversite-dans-les-villes.pdf\" target=\"_blank\"><img loading=\"lazy\" decoding=\"async\" class=\"alignnone\" title=\"Cahier sp\u00e9cial La Recherche\" src=\"\/documents\/images\/vignette-cahier-special-la-recherche.jpg\" alt=\"Cahier sp\u00e9cial La Recherche\" width=\"151\" height=\"200\" \/><\/a><\/p>\n<p><a href=\"\/documents\/telechargement\/biodiversite-urbaine\/quelle-biodiversite-dans-les-villes.pdf\" target=\"_blank\">Quelle biodiversit\u00e9 dans les villes ?<\/a><\/p>\n<p> &nbsp; <\/p>\n<h2>Sommaire<\/h2>\n<h3>\u00c9ditorial<\/h3>\n<p>La biodiversit\u00e9 urbaine, vers une r\u00e9conciliation de l\u2019Homme avec la Nature? (Robert Barbault)<\/p>\n<h3>Fondements<\/h3>\n<p>Tant de connaissances accumul\u00e9es (John Celecia)<\/p>\n<h3>Enjeu<\/h3>\n<ul>\n<li>La biodiversit\u00e9, un probl\u00e8me de ville ? (Isabelle Bellin)<\/li>\n<li>Quand l\u2019\u00e9cologie investit la ville (Renaud Persiaux)<\/li>\n<li>Les citadins aiment-ils la biodiversit\u00e9 ? (Dominique Chouchan)<\/li>\n<\/ul>\n<h3>Portofolio<\/h3>\n<p>Des villes exemplaires (Isabelle Bellin)<\/p>\n<ul>\n<li>Montr\u00e9al &#8211; La nature dans la cit\u00e9<\/li>\n<li>Curitiba &#8211; Une exp\u00e9rience br\u00e9silienne<\/li>\n<li>Tilburg &#8211; La ville durable des Pays-Bas<\/li>\n<\/ul>\n<h3>Futur<\/h3>\n<ul>\n<li>Quelle biodiversit\u00e9 urbaine durable ? (Isabelle Bellin)<\/li>\n<li>Mailler la ville en vert ? (Marie Schal)<\/li>\n<li>\u00catre citadin naturellement (Ana\u00efs Joseph)<\/li>\n<\/ul>\n<h3>Opinion<\/h3>\n<p>Un autre mod\u00e8le pour le Sud ? (Dominique Couret)<\/p>\n<h3>Tribune<\/h3>\n<p>L\u2019\u00e9cologie urbaine : un enjeu majeur pour notre d\u00e9partement (Claude Bartolone)<\/p>\n","protected":false},"excerpt":{"rendered":"<p>&nbsp; Acc\u00e9der au site\u00a0 de La Recherche (adresse : http:\/\/www.larecherche.fr\/) &nbsp; Le Cahier sp\u00e9cial n\u00b0422 du magazine La Recherche de septembre 2008 traite de l&rsquo;\u00e9volution de la fa\u00e7on dont est per\u00e7ue la ville, du point de vue de la biodiversit\u00e9. Quelle biodiversit\u00e9 dans les villes ? &nbsp; Sommaire \u00c9ditorial La biodiversit\u00e9 urbaine, vers une r\u00e9conciliation [&hellip;]<\/p>\n","protected":false},"author":2,"featured_media":0,"parent":18,"menu_order":3,"comment_status":"closed","ping_status":"closed","template":"","meta":{"site-sidebar-layout":"default","site-content-layout":"","ast-site-content-layout":"default","site-content-style":"default","site-sidebar-style":"default","ast-global-header-display":"","ast-banner-title-visibility":"","ast-main-header-display":"","ast-hfb-above-header-display":"","ast-hfb-below-header-display":"","ast-hfb-mobile-header-display":"","site-post-title":"","ast-breadcrumbs-content":"","ast-featured-img":"","footer-sml-layout":"","ast-disable-related-posts":"","theme-transparent-header-meta":"","adv-header-id-meta":"","stick-header-meta":"","header-above-stick-meta":"","header-main-stick-meta":"","header-below-stick-meta":"","astra-migrate-meta-layouts":"default","ast-page-background-enabled":"default","ast-page-background-meta":{"desktop":{"background-color":"var(--ast-global-color-4)","background-image":"","background-repeat":"repeat","background-position":"center center","background-size":"auto","background-attachment":"scroll","background-type":"","background-media":"","overlay-type":"","overlay-color":"","overlay-opacity":"","overlay-gradient":""},"tablet":{"background-color":"","background-image":"","background-repeat":"repeat","background-position":"center center","background-size":"auto","background-attachment":"scroll","background-type":"","background-media":"","overlay-type":"","overlay-color":"","overlay-opacity":"","overlay-gradient":""},"mobile":{"background-color":"","background-image":"","background-repeat":"repeat","background-position":"center center","background-size":"auto","background-attachment":"scroll","background-type":"","background-media":"","overlay-type":"","overlay-color":"","overlay-opacity":"","overlay-gradient":""}},"ast-content-background-meta":{"desktop":{"background-color":"var(--ast-global-color-5)","background-image":"","background-repeat":"repeat","background-position":"center center","background-size":"auto","background-attachment":"scroll","background-type":"","background-media":"","overlay-type":"","overlay-color":"","overlay-opacity":"","overlay-gradient":""},"tablet":{"background-color":"var(--ast-global-color-5)","background-image":"","background-repeat":"repeat","background-position":"center center","background-size":"auto","background-attachment":"scroll","background-type":"","background-media":"","overlay-type":"","overlay-color":"","overlay-opacity":"","overlay-gradient":""},"mobile":{"background-color":"var(--ast-global-color-5)","background-image":"","background-repeat":"repeat","background-position":"center center","background-size":"auto","background-attachment":"scroll","background-type":"","background-media":"","overlay-type":"","overlay-color":"","overlay-opacity":"","overlay-gradient":""}},"footnotes":""},"class_list":["post-104","page","type-page","status-publish","hentry"],"aioseo_notices":[],"jetpack_sharing_enabled":true,"_links":{"self":[{"href":"https:\/\/codexvirtualis.fr\/codex\/wp-json\/wp\/v2\/pages\/104","targetHints":{"allow":["GET"]}}],"collection":[{"href":"https:\/\/codexvirtualis.fr\/codex\/wp-json\/wp\/v2\/pages"}],"about":[{"href":"https:\/\/codexvirtualis.fr\/codex\/wp-json\/wp\/v2\/types\/page"}],"author":[{"embeddable":true,"href":"https:\/\/codexvirtualis.fr\/codex\/wp-json\/wp\/v2\/users\/2"}],"replies":[{"embeddable":true,"href":"https:\/\/codexvirtualis.fr\/codex\/wp-json\/wp\/v2\/comments?post=104"}],"version-history":[{"count":14,"href":"https:\/\/codexvirtualis.fr\/codex\/wp-json\/wp\/v2\/pages\/104\/revisions"}],"predecessor-version":[{"id":2493,"href":"https:\/\/codexvirtualis.fr\/codex\/wp-json\/wp\/v2\/pages\/104\/revisions\/2493"}],"up":[{"embeddable":true,"href":"https:\/\/codexvirtualis.fr\/codex\/wp-json\/wp\/v2\/pages\/18"}],"wp:attachment":[{"href":"https:\/\/codexvirtualis.fr\/codex\/wp-json\/wp\/v2\/media?parent=104"}],"curies":[{"name":"wp","href":"https:\/\/api.w.org\/{rel}","templated":true}]}}