{"id":10184,"date":"2017-09-30T10:50:04","date_gmt":"2017-09-30T08:50:04","guid":{"rendered":"https:\/\/codexvirtualis.fr\/codex\/?page_id=10184"},"modified":"2017-09-30T10:58:34","modified_gmt":"2017-09-30T08:58:34","slug":"alimentation-criquet","status":"publish","type":"page","link":"https:\/\/codexvirtualis.fr\/codex\/cabinet-de-curiosites-virtuel\/des-animaux-et-des-milieux\/alimentation-criquet","title":{"rendered":"Au menu du Criquet&#8230;"},"content":{"rendered":"<p> &nbsp; <\/p>\n<h2>Des feuilles de plantes pr\u00e9lev\u00e9es et trait\u00e9es par des pi\u00e8ces buccales<\/h2>\n<p> &nbsp; <\/p>\n<h3>Un r\u00e9gime alimentaire compos\u00e9 de feuilles&#8230;<\/h3>\n<p> &nbsp; <\/p>\n<p>Les Criquets sont des Insectes <a href=\"\/codex\/glossaire\/glossaire-de-i-a-o#orthoptere\" target=\"_blank\">orthopt\u00e8res<\/a> fr\u00e9quemment observ\u00e9s en p\u00e9riode estivale, en milieu ensoleill\u00e9. Outre la marche et le vol, ces animaux ont la particularit\u00e9 de pratiquer le saut, se d\u00e9pla\u00e7ant par des bonds de grande amplitude.<br \/>\nIls sont identifi\u00e9s \u00e0 leurs courtes antennes orient\u00e9es vers l&rsquo;avant, qui les distinguent des Sauterelles et des Grillons, animaux apparent\u00e9s poss\u00e9dant de longues antennes respectivement orient\u00e9es vers l&rsquo;arri\u00e8re et vers l&rsquo;avant.<\/p>\n<p>Ils se nourrissent de feuilles de plantes, leur r\u00e9gime alimentaire est en cons\u00e9quence qualifi\u00e9 de phytophage ou d&rsquo;herbivore. Selon les esp\u00e8ces, un large \u00e9ventail de plantes est source de nourriture &#8211; l&rsquo;esp\u00e8ce est dite euryphage &#8211; ou l&rsquo;alimentation exploite un nombre r\u00e9duit de plantes &#8211; l&rsquo;esp\u00e8ce est dit st\u00e9nophage.<\/p>\n<p> &nbsp; <\/p>\n\n\t<!-- Begin Video.js -->\n\t<video id=\"example_video_id_1891444584\" class=\"video-js vjs-default-skin\" width=\"550\" height=\"309\" poster=\"\/documents\/videos\/criquet\/criquet_alimentation.jpg\" controls preload=\"none\" data-setup='[]'>\n\t\t<source src=\"https:\/documents\/videos\/criquet\/criquet_alimentation.mp4\" type='video\/mp4' \/>\n\t\t\n\t\t\n\t<\/video>\n\t<!-- End Video.js -->\n\n<p> &nbsp; <\/p>\n<figure style=\"width: 300px\" class=\"wp-caption alignnone\"><a rel=\"lightbox\" href=\"\/documents\/images\/alimentation_insectes\/Chorthippus_brunneus01_10-WEB.JPG\" target=\"_blank\"><img decoding=\"async\" src=\"\/documents\/images\/alimentation_insectes\/Chorthippus_brunneus01_10-WEB.JPG\" width=\"300\" alt=\"Criquet duettiste\" class=\"size-medium\" \/><\/a><figcaption class=\"wp-caption-text\">Criquet duettiste (Lyon, septembre 2010)<\/figcaption><\/figure>\n<p style=\"text-align: right;\"><a rel=\"lightbox\" href=\"\/documents\/images\/alimentation_insectes\/Chorthippus_brunneus01_10_legende-WEB.jpg\" target=\"_blank\">Voir l&rsquo;image l\u00e9gend\u00e9e<\/a><\/p>\n<p> &nbsp; <\/p>\n<p>La nourriture est maintenue \u00e0 l&rsquo;aide des pattes et pr\u00e9lev\u00e9e puis trait\u00e9e par des pi\u00e8ces dures entourant la bouche, appel\u00e9es <a href=\"\/codex\/glossaire\/glossaire-de-p-a-s#piece-buccale\" target=\"_blank\">pi\u00e8ces buccales<\/a>. De l&rsquo;avant vers l&rsquo;arri\u00e8re, elles sont repr\u00e9sent\u00e9es par :<\/p>\n<p><span style=\"color: #999999;\">&bull; <\/span>un labre ;<\/p>\n<p><span style=\"color: #999999;\">&bull; <\/span>une paire de <a href=\"\/codex\/glossaire\/glossaire-de-i-a-o#mandibule\" target=\"_blank\">mandibules<\/a> ;<\/p>\n<p><span style=\"color: #999999;\">&bull; <\/span>une paire de <a href=\"\/codex\/glossaire\/glossaire-de-i-a-o#maxille\" target=\"_blank\">maxilles<\/a> portant chacune un <a href=\"\/codex\/glossaire\/glossaire-de-p-a-s#palpe\" target=\"_blank\">palpe<\/a> sensoriel ;<\/p>\n<p><span style=\"color: #999999;\">&bull; <\/span>un labium muni d&rsquo;une paire de palpes.<\/p>\n<p> &nbsp; <\/p>\n<h3>&#8230; palp\u00e9es, happ\u00e9es, sectionn\u00e9es et broy\u00e9es par les pi\u00e8ces buccales<\/h3>\n<p> &nbsp; <\/p>\n\n\t<!-- Begin Video.js -->\n\t<video id=\"example_video_id_2006960875\" class=\"video-js vjs-default-skin\" width=\"550\" height=\"309\" poster=\"\/documents\/videos\/criquet\/criquet_pieces_buccales.jpg\" controls preload=\"none\" data-setup='[]'>\n\t\t<source src=\"https:\/documents\/videos\/criquet\/criquet_pieces_buccales.mp4\" type='video\/mp4' \/>\n\t\t\n\t\t\n\t<\/video>\n\t<!-- End Video.js -->\n\n<p> &nbsp; <\/p>\n\n\t<!-- Begin Video.js -->\n\t<video id=\"example_video_id_1629955948\" class=\"video-js vjs-default-skin\" width=\"550\" height=\"309\" poster=\"\/documents\/videos\/criquet\/criquet_mouvements_pieces_buccales.jpg\" controls preload=\"none\" data-setup='[]'>\n\t\t<source src=\"https:\/documents\/videos\/criquet\/criquet_mouvements_pieces_buccales.mp4\" type='video\/mp4' \/>\n\t\t\n\t\t\n\t<\/video>\n\t<!-- End Video.js -->\n\n<p> &nbsp; <\/p>\n<p>L&rsquo;observation d&rsquo;un Criquet ing\u00e9rant de la nourriture montre que :<\/p>\n<p><span style=\"color: #999999;\">&bull; <\/span>le labre ant\u00e9rieur est anim\u00e9 de mouvements avant-arri\u00e8re<br \/>\nmaintenant les aliments il les  pousse en direction de la cavit\u00e9 buccale ;<\/p>\n<p><span style=\"color: #999999;\">&bull; <\/span>les mandibules s&rsquo;\u00e9cartent et se rapprochent alternativement du plan m\u00e9dian de la t\u00eate, par des mouvements d&rsquo;abduction et d&rsquo;adduction<br \/>\nelles saisissent, sectionnent et concassent la nourriture ;<\/p>\n<p><span style=\"color: #999999;\">&bull; <\/span>les maxilles poss\u00e8dent un r\u00f4le sensoriel, tactile et gustatif, assur\u00e9 par les palpes maxillaires, et par ailleurs am\u00e8nent la nourriture aux mandibules gr\u00e2ce \u00e0 leurs mouvements d&rsquo;abduction et d&rsquo;adduction<br \/>\nelles ont une fonction de sensibilit\u00e9 et de dilac\u00e9ration mais interviennent peu dans la mastication ;<\/p>\n<p><span style=\"color: #999999;\">&bull; <\/span>le labium joue un r\u00f4le semblable \u00e0 celui du labre, poussant la nourriture vers la bouche et les mandibules et maxilles, et exerce une fonction sensorielle.<\/p>\n<p>Pendant la mastication, la nourriture est impr\u00e9gn\u00e9e de la salive produite par les glandes salivaires.<\/p>\n<p> &nbsp; <\/p>\n<h3>Un appareil buccal de type broyeur adapt\u00e9 \u00e0 des aliments solides<\/h3>\n<p> &nbsp; <\/p>\n<figure style=\"width: 225px\" class=\"wp-caption alignnone\"><a rel=\"lightbox\" href=\"\/documents\/images\/alimentation_insectes\/criquet_tete_DSCF8154-WEB.JPG\" target=\"_blank\"><img decoding=\"async\" src=\"\/documents\/images\/alimentation_insectes\/criquet_tete_DSCF8154-WEB.JPG\" width=\"225\" alt=\"T\u00eate de Criquet\" class=\"size-medium\" \/><\/a><figcaption class=\"wp-caption-text\">T\u00eate de Criquet<\/figcaption><\/figure>\n<p style=\"text-align: right;\"><a rel=\"lightbox\" href=\"\/documents\/images\/alimentation_insectes\/criquet_tete_DSCF8154_legende-WEB.JPG\" target=\"_blank\">Voir l&rsquo;image l\u00e9gend\u00e9e<\/a><\/p>\n<p> &nbsp; <\/p>\n<p>La structure et l&rsquo;agencement des pi\u00e8ces buccales du Criquet peuvent \u00eatre examin\u00e9s gr\u00e2ce \u00e0 des montages entre lame et lamelle de t\u00eate enti\u00e8re ou de portions de t\u00eate, appel\u00e9s montages <em>in toto<\/em>, observ\u00e9s au st\u00e9r\u00e9omicroscope ou au microscope photonique.<\/p>\n<p> &nbsp; <\/p>\n<figure style=\"width: 225px\" class=\"wp-caption alignnone\"><a rel=\"lightbox\" href=\"\/documents\/images\/alimentation_insectes\/criquet_pieces_buccales_01-WEB.jpg\" target=\"_blank\"><img decoding=\"async\" src=\"\/documents\/images\/alimentation_insectes\/criquet_pieces_buccales_01-WEB.jpg\" width=\"225\" alt=\"T\u00eate de Criquet\" class=\"size-medium\" \/><\/a><figcaption class=\"wp-caption-text\">T\u00eate de Criquet (montage <em>in toto<\/em>)<\/figcaption><\/figure>\n<p style=\"text-align: right;\"><a rel=\"lightbox\" href=\"\/documents\/images\/alimentation_insectes\/criquet_pieces_buccales_01_legende-WEB.jpg\" target=\"_blank\">Voir l&rsquo;image l\u00e9gend\u00e9e<\/a><\/p>\n<p> &nbsp; <\/p>\n<p>Le labre, en continuit\u00e9 avec la capsule c\u00e9phalique, recouvre ant\u00e9rieurement les autres pi\u00e8ces buccales. Il est \u00e9galement d\u00e9sign\u00e9 par le terme l\u00e8vre sup\u00e9rieure, en relation avec sa localisation et sa fonction.<\/p>\n<p>Les mandibules, articul\u00e9es avec la capsule c\u00e9phalique en arri\u00e8re du labre, apparaissent massives et robustes. Elles sont larges et leur bord libre porte des dents orient\u00e9es vers la cavit\u00e9 buccale. Du c\u00f4t\u00e9 externe, elles sont ac\u00e9r\u00e9es et forment une r\u00e9gion incisive assurant la section des feuilles. Du c\u00f4t\u00e9 interne, elles sont \u00e9mouss\u00e9es et constituent une surface de broyage de la nourriture, d\u00e9terminant une r\u00e9gion molaire.<br \/>\nLes mandibules poss\u00e8dent \u00e9galement des soies qui jouent le r\u00f4le de filtre pour les particules alimentaires.<\/p>\n<p>Les maxilles sont des pi\u00e8ce buccales mobiles ins\u00e9r\u00e9es sur la capsule c\u00e9phalique en arri\u00e8re des mandibules. Elles portent lat\u00e9ralement un palpe articul\u00e9 sensible \u00e0 la texture et au go\u00fbt de la nourriture.<br \/>\nElles sont form\u00e9es d&rsquo;une rame externe appel\u00e9e gal\u00e9a et d&rsquo;une rame interne appel\u00e9e lacinia. La gal\u00e9a est plate et arrondie alors que la lacinia est \u00e9troite et termin\u00e9e par des dents aigu\u00ebs. Ce expansions ont pour principale fonction de maintenir les aliments, tout intervenant dans la mastication.<br \/>\nPalpe, gal\u00e9a et lacinia sont port\u00e9s par un stipe et un cardo, pi\u00e8ces basales articul\u00e9es avec la capsule c\u00e9phalique.<\/p>\n<p>Le labium, post\u00e9rieur, porte \u00e9galement le nom de l\u00e8vre inf\u00e9rieure. Il est constitu\u00e9 d&rsquo;une r\u00e9gion m\u00e9diane plate portant lat\u00e9ralement deux palpes articul\u00e9s \u00e0 vocation sensorielle, tactile et gustative. La r\u00e9gion centrale est form\u00e9e de deux lames de grande surface appel\u00e9es paraglosses, encadrant deux languettes, les glosses. En relation avec cet agencement, le labium est interpr\u00e9t\u00e9 comme issu de la fusion d&rsquo;une paire de maxilles, chacune comportant un palpe externe, une paraglosse semblable \u00e0 une gal\u00e9a et une glosse similaire \u00e0 une lacinia.<br \/>\nDe m\u00eame que pour les maxilles, des pi\u00e8ces basales assurent l&rsquo;articulation du labium avec la capsule c\u00e9phalique. Les pi\u00e8ces paires sont fusionn\u00e9es en un postmentum ou postlabium, et un pr\u00e9mentum ou pr\u00e9labium, correspondant respectivement aux cardos et aux stipes.<\/p>\n<p> &nbsp; <\/p>\n<figure style=\"width: 300px\" class=\"wp-caption alignnone\"><a rel=\"lightbox\" href=\"\/documents\/images\/alimentation_insectes\/criquet_labre_mandibule_04-WEB.jpg\" target=\"_blank\"><img decoding=\"async\" src=\"\/documents\/images\/alimentation_insectes\/criquet_labre_mandibule_04-WEB.jpg\" width=\"300\" alt=\"Labre et mandibules de Criquet\" class=\"size-medium\" \/><\/a><figcaption class=\"wp-caption-text\">Labre et mandibules de Criquet (montage <em>in toto<\/em>)<\/figcaption><\/figure>\n<p style=\"text-align: right;\"><a rel=\"lightbox\" href=\"\/documents\/images\/alimentation_insectes\/criquet_labre_mandibule_04_legende-WEB.jpg\" target=\"_blank\">Voir l&rsquo;image l\u00e9gend\u00e9e<\/a><\/p>\n<p> &nbsp; <\/p>\n<figure style=\"width: 300px\" class=\"wp-caption alignnone\"><a rel=\"lightbox\" href=\"\/documents\/images\/alimentation_insectes\/criquet_03_maxille_labium-WEB.jpg\" target=\"_blank\"><img decoding=\"async\" src=\"\/documents\/images\/alimentation_insectes\/criquet_03_maxille_labium-WEB.jpg\" width=\"300\" alt=\"Maxilles et labium de Criquet\" class=\"size-medium\" \/><\/a><figcaption class=\"wp-caption-text\">Maxilles et labium de Criquet (montage <em>in toto<\/em>)<\/figcaption><\/figure>\n<p style=\"text-align: right;\"><a rel=\"lightbox\" href=\"\/documents\/images\/alimentation_insectes\/criquet_03_maxille_labium_legende-WEB.jpg\" target=\"_blank\">Voir l&rsquo;image l\u00e9gend\u00e9e<\/a><\/p>\n<p> &nbsp; <\/p>\n<p>Partiellement dissoci\u00e9es et mont\u00e9es <em>in toto<\/em>, les pi\u00e8ces buccales montrent les m\u00eames caract\u00e9ristiques plus ais\u00e9es \u00e0 discerner parfois.<\/p>\n<p>Entre labre et labium, bord\u00e9 par les mandibules et les maxilles appara\u00eet une lame appel\u00e9e hypopharynx. Elle s\u00e9pare la cavit\u00e9 buccale en une r\u00e9gion ant\u00e9rieure communiquant avec le tube digestif, d\u00e9sign\u00e9e par le terme cibarium, et une r\u00e9gion post\u00e9rieure recevant la salive par l&rsquo;interm\u00e9diaire de canaux salivaires, appel\u00e9e salivarium.<br \/>\nLors de la prise alimentaire, l&rsquo;hypopharynx agit comme une langue.<\/p>\n<p>Les pi\u00e8ces buccales ainsi d\u00e9crites permettent l&rsquo;exploration sensorielle d&rsquo;une nourriture solide, son pr\u00e9l\u00e8vement, sa dilac\u00e9ration et son broyage, gr\u00e2ce aux palpes sensoriels, aux structures tranchantes et aux dispositifs d&rsquo;\u00e9crasement qu&rsquo;elles pr\u00e9sentent. La section et le broyage des aliments mettent \u00e0 profit des r\u00e9gions dures au niveau desquelles la cuticule est \u00e9paisse et tr\u00e8s rigide en raison de leur scl\u00e9rotinisation.<br \/>\nEn relation avec leurs propri\u00e9t\u00e9s et leurs actions, les pi\u00e8ces buccales du Criquet appartiennent \u00e0 un type qualifi\u00e9 de broyeur.<\/p>\n<p> &nbsp; <\/p>\n<p>Pour en savoir plus, consulter :<\/p>\n<p><span style=\"color: #999999;\">&bull; <\/span>les pages <a href=\"\/codex\/cabinet-de-curiosites-virtuel\/de-lidentification-des-animaux\/quel-insecte\">Un Insecte, mais lequel ?<\/a> et <a href=\"\/codex\/cabinet-de-curiosites-virtuel\/de-lidentification-des-animaux\/quel-insecte\/orthopteres\">Les Orthopt\u00e8res<\/a> de la rubrique Identification des Insectes de Codex virtualis<\/p>\n<p><span style=\"color: #999999;\">&bull; <\/span>le site <a href=\"http:\/\/locust.cirad.fr\/\" target=\"_blank\">Les criquets ravageurs<\/a> du <a href=\"http:\/\/www.cirad.fr\/\" target=\"_blank\">Cirad<\/a> (Centre de coop\u00e9ration internationale en recherche agronomique pour le d\u00e9veloppement &#8211; adresse : http:\/\/locust.cirad.fr\/)<\/p>\n<p><span style=\"color: #999999;\">&bull; <\/span>Lecoq M., 2012 &#8211; <a href=\"https:\/\/www.researchgate.net\/profile\/Michel_Lecoq2\/publication\/257763109_Bioecologie_du_criquet_pelerin\/links\/54df2e840cf2953c22b14a08\/Bioecologie-du-criquet-pelerin.pdf\" rel=\"noopener\" target=\"_blank\">Bio\u00e9cologie du Criquet p\u00e8lerin, module de formation sur la biologie et l\u2019\u00e9cologie du Criquet p\u00e8lerin<\/a>. FAO-CLCPRO (Commission de lutte contre le Criquet p\u00e8lerin en r\u00e9gion occidentale), 217p. Alger (adresse : https:\/\/www.researchgate.net\/profile\/Michel_Lecoq2\/publication\/257763109_Bioecologie_du_criquet_pelerin\/links\/54df2e840cf2953c22b14a08\/Bioecologie-du-criquet-pelerin.pdf)<\/p>\n<p><span style=\"color: #999999;\">&bull; <\/span> Louveaux A. et Dalle J.-P.: M\u00e9canisme de la prise de nourriture chez le Criquet migrateur [vid\u00e9o en ligne].<br \/>\nIn Canal-U (en ligne). Fondation Maison des sciences de l&rsquo;homme (SFRS-CERIMES) [consult\u00e9 le 29 ao\u00fbt 2017] 1 vid\u00e9o 14 min. Disponible sur<br \/>\n<a href=\"https:\/\/www.canal-u.tv\/video\/cerimes\/mecanisme_de_la_prise_de_nourriture_chez_le_criquet_migrateur.13293\" target=\"_blank\">https:\/\/www.canal-u.tv\/video\/cerimes\/mecanisme_de_la_prise_de_nourriture_chez_le_criquet_migrateur.13293<\/a><\/p>\n<p><span style=\"color: #999999;\">&bull; <\/span>Turquier Y., 1989 \u2013 L\u2019organisme dans son milieu. 1. Les fonctions de nutrition. Doin, 315p. Paris<\/p>\n<p> &nbsp; <\/p>\n<p>Pour acc\u00e9der aux images de <a href=\"\/images\/index.php?album=parcs-de-gerland-et-des-berges-du-rhone\/les-criquets-et-sauterelles\" target=\"_blank\">Criquets et Sauterelles<\/a> des Parcs de Gerland et des Berges du Rh\u00f4ne<\/p>\n<p> &nbsp; <\/p>\n<p>Pour acc\u00e9der \u00e0 la vid\u00e9o M\u00e9canisme de la prise de nourriture chez le Criquet migrateur sur le site Canal-U<\/p>\n<p> &nbsp; <\/p>\n<div style=\"position:relative;padding-bottom:56.25%;padding-top:10px;height:0;overflow:hidden;\"><iframe loading=\"lazy\" src=\"https:\/\/www.canal-u.tv\/video\/cerimes\/embed.1\/mecanisme_de_la_prise_de_nourriture_chez_le_criquet_migrateur.13293?width=100%&amp;height=100%\" style=\"position:absolute;top:0;left:0;width:100%;height: 100%;\" width=\"550\" height=\"306\" frameborder=\"0\" allowfullscreen scrolling=\"no\"><\/iframe><\/div>\n<p> &nbsp; <\/p>\n","protected":false},"excerpt":{"rendered":"<p>&nbsp; Des feuilles de plantes pr\u00e9lev\u00e9es et trait\u00e9es par des pi\u00e8ces buccales &nbsp; Un r\u00e9gime alimentaire compos\u00e9 de feuilles&#8230; &nbsp; Les Criquets sont des Insectes orthopt\u00e8res fr\u00e9quemment observ\u00e9s en p\u00e9riode estivale, en milieu ensoleill\u00e9. Outre la marche et le vol, ces animaux ont la particularit\u00e9 de pratiquer le saut, se d\u00e9pla\u00e7ant par des bonds de [&hellip;]<\/p>\n","protected":false},"author":2,"featured_media":0,"parent":1757,"menu_order":3,"comment_status":"closed","ping_status":"closed","template":"","meta":{"site-sidebar-layout":"default","site-content-layout":"","ast-site-content-layout":"default","site-content-style":"default","site-sidebar-style":"default","ast-global-header-display":"","ast-banner-title-visibility":"","ast-main-header-display":"","ast-hfb-above-header-display":"","ast-hfb-below-header-display":"","ast-hfb-mobile-header-display":"","site-post-title":"","ast-breadcrumbs-content":"","ast-featured-img":"","footer-sml-layout":"","ast-disable-related-posts":"","theme-transparent-header-meta":"","adv-header-id-meta":"","stick-header-meta":"","header-above-stick-meta":"","header-main-stick-meta":"","header-below-stick-meta":"","astra-migrate-meta-layouts":"default","ast-page-background-enabled":"default","ast-page-background-meta":{"desktop":{"background-color":"var(--ast-global-color-4)","background-image":"","background-repeat":"repeat","background-position":"center center","background-size":"auto","background-attachment":"scroll","background-type":"","background-media":"","overlay-type":"","overlay-color":"","overlay-opacity":"","overlay-gradient":""},"tablet":{"background-color":"","background-image":"","background-repeat":"repeat","background-position":"center center","background-size":"auto","background-attachment":"scroll","background-type":"","background-media":"","overlay-type":"","overlay-color":"","overlay-opacity":"","overlay-gradient":""},"mobile":{"background-color":"","background-image":"","background-repeat":"repeat","background-position":"center center","background-size":"auto","background-attachment":"scroll","background-type":"","background-media":"","overlay-type":"","overlay-color":"","overlay-opacity":"","overlay-gradient":""}},"ast-content-background-meta":{"desktop":{"background-color":"var(--ast-global-color-5)","background-image":"","background-repeat":"repeat","background-position":"center center","background-size":"auto","background-attachment":"scroll","background-type":"","background-media":"","overlay-type":"","overlay-color":"","overlay-opacity":"","overlay-gradient":""},"tablet":{"background-color":"var(--ast-global-color-5)","background-image":"","background-repeat":"repeat","background-position":"center center","background-size":"auto","background-attachment":"scroll","background-type":"","background-media":"","overlay-type":"","overlay-color":"","overlay-opacity":"","overlay-gradient":""},"mobile":{"background-color":"var(--ast-global-color-5)","background-image":"","background-repeat":"repeat","background-position":"center center","background-size":"auto","background-attachment":"scroll","background-type":"","background-media":"","overlay-type":"","overlay-color":"","overlay-opacity":"","overlay-gradient":""}},"footnotes":""},"class_list":["post-10184","page","type-page","status-publish","hentry"],"aioseo_notices":[],"jetpack_sharing_enabled":true,"_links":{"self":[{"href":"https:\/\/codexvirtualis.fr\/codex\/wp-json\/wp\/v2\/pages\/10184","targetHints":{"allow":["GET"]}}],"collection":[{"href":"https:\/\/codexvirtualis.fr\/codex\/wp-json\/wp\/v2\/pages"}],"about":[{"href":"https:\/\/codexvirtualis.fr\/codex\/wp-json\/wp\/v2\/types\/page"}],"author":[{"embeddable":true,"href":"https:\/\/codexvirtualis.fr\/codex\/wp-json\/wp\/v2\/users\/2"}],"replies":[{"embeddable":true,"href":"https:\/\/codexvirtualis.fr\/codex\/wp-json\/wp\/v2\/comments?post=10184"}],"version-history":[{"count":73,"href":"https:\/\/codexvirtualis.fr\/codex\/wp-json\/wp\/v2\/pages\/10184\/revisions"}],"predecessor-version":[{"id":10344,"href":"https:\/\/codexvirtualis.fr\/codex\/wp-json\/wp\/v2\/pages\/10184\/revisions\/10344"}],"up":[{"embeddable":true,"href":"https:\/\/codexvirtualis.fr\/codex\/wp-json\/wp\/v2\/pages\/1757"}],"wp:attachment":[{"href":"https:\/\/codexvirtualis.fr\/codex\/wp-json\/wp\/v2\/media?parent=10184"}],"curies":[{"name":"wp","href":"https:\/\/api.w.org\/{rel}","templated":true}]}}