{"id":10,"date":"2011-01-30T14:20:08","date_gmt":"2011-01-30T14:20:08","guid":{"rendered":"http:\/\/codexvirtualis.fr\/codex"},"modified":"2022-06-06T16:08:11","modified_gmt":"2022-06-06T14:08:11","slug":"cabinet-de-curiosites-virtuel","status":"publish","type":"page","link":"https:\/\/codexvirtualis.fr\/codex\/cabinet-de-curiosites-virtuel","title":{"rendered":"Cabinet de curiosit\u00e9s virtuel"},"content":{"rendered":"\n<div class=\"wp-block-columns is-layout-flex wp-container-core-columns-is-layout-28f84493 wp-block-columns-is-layout-flex\">\n<div class=\"wp-block-column is-layout-flow wp-block-column-is-layout-flow\">\n<p>Les cabinets de curiosit\u00e9s se d\u00e9veloppent en Europe \u00e0 partir du XVe si\u00e8cle. Ils regroupent des objets aussi divers que des \u0153uvres d&rsquo;art, des animaux naturalis\u00e9s, des instruments m\u00e9caniques&#8230; Lieux de d\u00e9p\u00f4t, d&rsquo;\u00e9tude et de pr\u00e9sentation de collections, ce sont les anc\u00eatres de nos mus\u00e9es.<\/p>\n\n\n\n<p>En version num\u00e9rique, ce cabinet de curiosit\u00e9s est l&rsquo;occasion de faire d\u00e9couvrir des aspects parfois ignor\u00e9s, souvent singuliers, de la vie des animaux de la nature ordinaire qui nous entoure.<\/p>\n\n\n\n<p>Son contenu est structur\u00e9 autour de grands th\u00e8mes, d\u00e9clin\u00e9s sous forme de rubriques.<\/p>\n<\/div>\n<\/div>\n\n\n\n<div class=\"wp-block-columns is-layout-flex wp-container-core-columns-is-layout-28f84493 wp-block-columns-is-layout-flex\">\n<div class=\"wp-block-column is-layout-flow wp-block-column-is-layout-flow\" id=\"border_div\">\n<h2 class=\"wp-block-heading\">Des animaux m\u00e9connus<\/h2>\n\n\n\n<hr class=\"wp-block-separator has-text-color has-css-opacity has-background\" style=\"background-color:#4892a3;color:#4892a3\"\/>\n\n\n\n<figure class=\"wp-block-image size-large\" id=\"container\"><a href=\"\/codex\/cabinet-de-curiosites-virtuel\/des-animaux-meconnus\/\"><img decoding=\"async\" src=\"\/documents\/images\/navigation\/balane_1755-300.jpg\" alt=\"\"\/><\/a><\/figure>\n\n\n\n<p><\/p>\n\n\n\n<hr class=\"wp-block-separator has-css-opacity\"\/>\n\n\n\n<p>Ce th\u00e8me d\u00e9di\u00e9 \u00e0 la pr\u00e9sentation d&rsquo;animaux de la nature ordinaire, souvent crois\u00e9s, rarement observ\u00e9s avec attention.<\/p>\n<\/div>\n\n\n\n<div class=\"wp-block-column is-layout-flow wp-block-column-is-layout-flow\" id=\"border_div\">\n<h2 class=\"wp-block-heading\">Dans l&rsquo;intimit\u00e9 des animaux<\/h2>\n\n\n\n<hr class=\"wp-block-separator has-css-opacity\"\/>\n\n\n\n<figure class=\"wp-block-image size-large\" id=\"container\"><a href=\"\/codex\/cabinet-de-curiosites-virtuel\/dans-lintimite-des-animaux\/\"><img decoding=\"async\" src=\"\/documents\/images\/navigation\/punaisearlequin20_10accouplement-300.JPG\" alt=\"\"\/><\/a><\/figure>\n\n\n\n<p><\/p>\n\n\n\n<hr class=\"wp-block-separator has-css-opacity\"\/>\n\n\n\n<p>Ce th\u00e8me pr\u00e9sente des \u00e9l\u00e9ments concernant la reproduction et le d\u00e9veloppement des organismes animaux.<\/p>\n<\/div>\n<\/div>\n\n\n\n<p><\/p>\n\n\n\n<div class=\"wp-block-columns is-layout-flex wp-container-core-columns-is-layout-28f84493 wp-block-columns-is-layout-flex\">\n<div class=\"wp-block-column is-layout-flow wp-block-column-is-layout-flow\" id=\"border_div\">\n<h2 class=\"wp-block-heading\">Des animaux et des milieux<\/h2>\n\n\n\n<hr class=\"wp-block-separator has-css-opacity\"\/>\n\n\n\n<figure class=\"wp-block-image size-large\" id=\"container\"><a href=\"\/codex\/cabinet-de-curiosites-virtuel\/des-animaux-et-des-milieux\/\"><img decoding=\"async\" src=\"\/documents\/images\/navigation\/etrille_elegante_10_7686-300.JPG\" alt=\"\"\/><\/a><\/figure>\n\n\n\n<p><\/p>\n\n\n\n<hr class=\"wp-block-separator has-css-opacity\"\/>\n\n\n\n<p>Ce th\u00e8me s&rsquo;int\u00e9resse aux relations entre la faune et son milieu, du d\u00e9placement \u00e0 la nutrition, de la r\u00e9partition \u00e0 l&rsquo;\u00e9volution.<\/p>\n<\/div>\n\n\n\n<div class=\"wp-block-column is-layout-flow wp-block-column-is-layout-flow\" id=\"border_div\">\n<h2 class=\"wp-block-heading\">Images insolites instructives<\/h2>\n\n\n\n<hr class=\"wp-block-separator has-css-opacity\"\/>\n\n\n\n<figure class=\"wp-block-image size-large\" id=\"container\"><a href=\"\/codex\/cabinet-de-curiosites-virtuel\/images-insolites-instructives\/\"><img decoding=\"async\" src=\"\/documents\/images\/navigation\/Nezara_viridula11_10goutte-300.jpg\" alt=\"\"\/><\/a><\/figure>\n\n\n\n<p><\/p>\n\n\n\n<hr class=\"wp-block-separator has-css-opacity\"\/>\n\n\n\n<p>Cette rubrique est h\u00e9t\u00e9roclite. Elle regroupe de courts articles expliquant des ph\u00e9nom\u00e8nes couramment observ\u00e9s dans la nature ordinaire.<\/p>\n<\/div>\n<\/div>\n\n\n\n<p><\/p>\n\n\n\n<div class=\"wp-block-columns is-layout-flex wp-container-core-columns-is-layout-28f84493 wp-block-columns-is-layout-flex\">\n<div class=\"wp-block-column is-layout-flow wp-block-column-is-layout-flow\" id=\"border_div\">\n<h2 class=\"wp-block-heading\">De l&rsquo;identification des animaux<\/h2>\n\n\n\n<hr class=\"wp-block-separator has-css-opacity\"\/>\n\n\n\n<figure class=\"wp-block-image size-large\" id=\"container\"><a href=\"\/codex\/cabinet-de-curiosites-virtuel\/de-lidentification-des-animaux\/\"><img decoding=\"async\" src=\"\/documents\/images\/navigation\/Libelloides_coccajus_04_12-300.jpg\" alt=\"\"\/><\/a><\/figure>\n\n\n\n<p><\/p>\n\n\n\n<hr class=\"wp-block-separator has-css-opacity\"\/>\n\n\n\n<p><\/p>\n\n\n\n<p>Cette rubrique pr\u00e9sente des \u00e9l\u00e9ments concernant la reconnaissance des animaux de la nature ordinaire, sur la base de crit\u00e8res morphologiques notamment.<\/p>\n<\/div>\n\n\n\n<div class=\"wp-block-column is-layout-flow wp-block-column-is-layout-flow\" id=\"border_div\">\n<h2 class=\"wp-block-heading\">Synth\u00e8ses<\/h2>\n\n\n\n<hr class=\"wp-block-separator has-css-opacity\"\/>\n\n\n\n<figure class=\"wp-block-image size-large\" id=\"container\"><a href=\"\/codex\/cabinet-de-curiosites-virtuel\/syntheses\/\"><img decoding=\"async\" src=\"\/documents\/images\/navigation\/regimes_alimentaires_insectes_300.png\" alt=\"\"\/><\/a><\/figure>\n\n\n\n<p><\/p>\n\n\n\n<hr class=\"wp-block-separator has-css-opacity\"\/>\n\n\n\n<p>Cette rubrique pr\u00e9sente des documents synth\u00e9tiques concernant l\u2019organisation, la reproduction et le d\u00e9veloppement, l\u2019adaptation et l\u2019\u00e9volution des animaux de la nature ordinaire, bas\u00e9s sur les cas ayant fait l&rsquo;objet de pages dans les autres th\u00e8mes.<\/p>\n<\/div>\n<\/div>\n","protected":false},"excerpt":{"rendered":"<p>Les cabinets de curiosit\u00e9s se d\u00e9veloppent en Europe \u00e0 partir du XVe si\u00e8cle. Ils regroupent des objets aussi divers que des \u0153uvres d&rsquo;art, des animaux naturalis\u00e9s, des instruments m\u00e9caniques&#8230; Lieux de d\u00e9p\u00f4t, d&rsquo;\u00e9tude et de pr\u00e9sentation de collections, ce sont les anc\u00eatres de nos mus\u00e9es. En version num\u00e9rique, ce cabinet de curiosit\u00e9s est l&rsquo;occasion de [&hellip;]<\/p>\n","protected":false},"author":2,"featured_media":0,"parent":0,"menu_order":2,"comment_status":"closed","ping_status":"closed","template":"","meta":{"site-sidebar-layout":"default","site-content-layout":"","ast-site-content-layout":"default","site-content-style":"default","site-sidebar-style":"default","ast-global-header-display":"","ast-banner-title-visibility":"","ast-main-header-display":"","ast-hfb-above-header-display":"","ast-hfb-below-header-display":"","ast-hfb-mobile-header-display":"","site-post-title":"","ast-breadcrumbs-content":"","ast-featured-img":"","footer-sml-layout":"","ast-disable-related-posts":"","theme-transparent-header-meta":"","adv-header-id-meta":"","stick-header-meta":"","header-above-stick-meta":"","header-main-stick-meta":"","header-below-stick-meta":"","astra-migrate-meta-layouts":"default","ast-page-background-enabled":"default","ast-page-background-meta":{"desktop":{"background-color":"var(--ast-global-color-4)","background-image":"","background-repeat":"repeat","background-position":"center center","background-size":"auto","background-attachment":"scroll","background-type":"","background-media":"","overlay-type":"","overlay-color":"","overlay-opacity":"","overlay-gradient":""},"tablet":{"background-color":"","background-image":"","background-repeat":"repeat","background-position":"center center","background-size":"auto","background-attachment":"scroll","background-type":"","background-media":"","overlay-type":"","overlay-color":"","overlay-opacity":"","overlay-gradient":""},"mobile":{"background-color":"","background-image":"","background-repeat":"repeat","background-position":"center center","background-size":"auto","background-attachment":"scroll","background-type":"","background-media":"","overlay-type":"","overlay-color":"","overlay-opacity":"","overlay-gradient":""}},"ast-content-background-meta":{"desktop":{"background-color":"var(--ast-global-color-5)","background-image":"","background-repeat":"repeat","background-position":"center center","background-size":"auto","background-attachment":"scroll","background-type":"","background-media":"","overlay-type":"","overlay-color":"","overlay-opacity":"","overlay-gradient":""},"tablet":{"background-color":"var(--ast-global-color-5)","background-image":"","background-repeat":"repeat","background-position":"center center","background-size":"auto","background-attachment":"scroll","background-type":"","background-media":"","overlay-type":"","overlay-color":"","overlay-opacity":"","overlay-gradient":""},"mobile":{"background-color":"var(--ast-global-color-5)","background-image":"","background-repeat":"repeat","background-position":"center center","background-size":"auto","background-attachment":"scroll","background-type":"","background-media":"","overlay-type":"","overlay-color":"","overlay-opacity":"","overlay-gradient":""}},"footnotes":""},"class_list":["post-10","page","type-page","status-publish","hentry"],"aioseo_notices":[],"jetpack_sharing_enabled":true,"_links":{"self":[{"href":"https:\/\/codexvirtualis.fr\/codex\/wp-json\/wp\/v2\/pages\/10","targetHints":{"allow":["GET"]}}],"collection":[{"href":"https:\/\/codexvirtualis.fr\/codex\/wp-json\/wp\/v2\/pages"}],"about":[{"href":"https:\/\/codexvirtualis.fr\/codex\/wp-json\/wp\/v2\/types\/page"}],"author":[{"embeddable":true,"href":"https:\/\/codexvirtualis.fr\/codex\/wp-json\/wp\/v2\/users\/2"}],"replies":[{"embeddable":true,"href":"https:\/\/codexvirtualis.fr\/codex\/wp-json\/wp\/v2\/comments?post=10"}],"version-history":[{"count":30,"href":"https:\/\/codexvirtualis.fr\/codex\/wp-json\/wp\/v2\/pages\/10\/revisions"}],"predecessor-version":[{"id":14451,"href":"https:\/\/codexvirtualis.fr\/codex\/wp-json\/wp\/v2\/pages\/10\/revisions\/14451"}],"wp:attachment":[{"href":"https:\/\/codexvirtualis.fr\/codex\/wp-json\/wp\/v2\/media?parent=10"}],"curies":[{"name":"wp","href":"https:\/\/api.w.org\/{rel}","templated":true}]}}